{"id":220,"date":"2022-10-01T14:58:44","date_gmt":"2022-10-01T12:58:44","guid":{"rendered":"https:\/\/zugol.de\/?page_id=220"},"modified":"2023-10-10T13:17:24","modified_gmt":"2023-10-10T11:17:24","slug":"impressum","status":"publish","type":"page","link":"https:\/\/www.zugol.de\/it\/impressum\/","title":{"rendered":"Impronta"},"content":{"rendered":"<h3>Informazioni legali per la tua visita a questo sito web<\/h3>\n<p><strong>Questo sito web \u00e8 gestito da<\/strong><br \/>\nFilter &#8211; M\u00fcller GmbH<br \/>\nMotzener Str. 7, 12277 Berlin, Germania<br \/>\nTel: +49 30 &#8211; 606 8888<br \/>\nFax: +49 30 &#8211; 606 8640<br \/>\nE-Mail:\tinfo@filter-mueller.de<\/p>\n<p>Tribunale del registro: Amtsgericht Charlottenburg Berlin<br \/>\nNumero di registrazione: HRB 255984 B<\/p>\n<p><strong>Responsabile del contenuto ai sensi del \u00a7 18 Abs. 2 MStV<\/strong><br \/>\nHerr Reinhard Sch\u00f6ne, Motzener Str. 7, 12277 Berlin<\/p>\n<p><strong>Partita IVA<\/strong><br \/>\nDE 362882799<\/p>\n<p><strong>Risoluzione delle controversie online<\/strong><br \/>\nLa Commissione Europea fornisce una piattaforma per la risoluzione delle controversie online (OS), che puoi trovare su <a href=\"http:\/\/ec.europa.eu\/consumers\/odr\/\" rel=\"noopener\" target=\"_blank\"> http:\/\/ec.europa.eu\/consumers\/odr\/find<\/a>.<\/p>\n<h2>Disclaimer<\/h2>\n<p><strong>Limitazione di responsabilit\u00e0<\/strong><br \/>\nI contenuti del sito web sono stati redatti con la massima cura possibile. Tuttavia, non viene fornita alcuna garanzia per l&#8217;attualit\u00e0, la completezza o la correttezza dei contenuti forniti. <\/p>\n<p><strong>Link esterno<\/strong><br \/>\nQuesto sito Web pu\u00f2 contenere collegamenti o riferimenti ad altri siti Web sui cui contenuti il \u200b\u200bfornitore di questo sito Web non ha alcuna influenza. Per questo motivo si declina ogni responsabilit\u00e0 per il contenuto di siti web esterni. Il rispettivo fornitore del sito Web collegato \u00e8 responsabile del contenuto e della correttezza delle informazioni fornite. Al momento del collegamento non erano riconoscibili infrazioni. Dopo la notifica di tale violazione, il riferimento corrispondente verr\u00e0 rimosso immediatamente.<\/p>\n<p><strong>Diritto d&#8217;autore<\/strong><br \/>\nI contenuti, le opere e le informazioni fornite su questo sito Web, nonch\u00e9 tutti gli altri dati resi disponibili su questo sito Web e il loro design sono soggetti al diritto d&#8217;autore tedesco e alla legge sul diritto d&#8217;autore accessoria. Qualsiasi tipo di duplicazione, elaborazione, distribuzione, archiviazione e sfruttamento al di fuori dei limiti del diritto d&#8217;autore richiede il preventivo consenso scritto del titolare del diritto d&#8217;autore. La copia\/salvataggio non autorizzato delle informazioni qui fornite non \u00e8 consentito.<\/p>\n<p>L&#8217;uso dei dati di contatto su questo sito Web da parte di terzi per uso commerciale \u00e8 espressamente vietato. A meno che il fornitore di questo sito web non abbia dato il suo previo consenso scritto. Il provider si riserva il diritto di intraprendere azioni legali in caso di invio di pubblicit\u00e0 non richiesta, ad es. B. tramite posta indesiderata.<\/p>\n<h2>Progettazione e realizzazione<\/h2>\n<p><strong>Progettazione e programmazione<\/strong><br \/>\n<a href=\"https:\/\/sebastian-klammer.de\" rel=\"noopener noreferrer\" target=\"_blank\">Webdesign Berlin : Sebastian Klammer Grafikdesign<\/a><\/p>\n<p><strong>Crediti fotografici<\/strong><\/p>\n","protected":false},"excerpt":{"rendered":"<p>Informazioni legali per la tua visita a questo sito web Questo sito web \u00e8 gestito da Filter &#8211; M\u00fcller GmbH Motzener Str. 7, 12277 Berlin, Germania Tel: +49 30 &#8211; 606 8888 Fax: +49 30 &#8211; 606 8640 E-Mail: info@filter-mueller.de Tribunale del registro: Amtsgericht Charlottenburg Berlin Numero di registrazione: HRB 255984 B Responsabile del contenuto [&hellip;]<\/p>\n","protected":false},"author":1,"featured_media":600,"parent":0,"menu_order":0,"comment_status":"closed","ping_status":"closed","template":"page_subpage.php","meta":[],"yoast_head":"<!-- This site is optimized with the Yoast SEO plugin v20.2.1 - https:\/\/yoast.com\/wordpress\/plugins\/seo\/ -->\n<title>Impronta - ZUGOL<\/title>\n<meta name=\"robots\" content=\"noindex, nofollow\" \/>\n<meta property=\"og:locale\" content=\"it_IT\" \/>\n<meta property=\"og:type\" content=\"article\" \/>\n<meta property=\"og:title\" content=\"Impronta - ZUGOL\" \/>\n<meta property=\"og:description\" content=\"Informazioni legali per la tua visita a questo sito web Questo sito web \u00e8 gestito da Filter &#8211; M\u00fcller GmbH Motzener Str. 7, 12277 Berlin, Germania Tel: +49 30 &#8211; 606 8888 Fax: +49 30 &#8211; 606 8640 E-Mail: info@filter-mueller.de Tribunale del registro: Amtsgericht Charlottenburg Berlin Numero di registrazione: HRB 255984 B Responsabile del contenuto [&hellip;]\" \/>\n<meta property=\"og:url\" content=\"https:\/\/www.zugol.de\/it\/impressum\/\" \/>\n<meta property=\"og:site_name\" content=\"ZUGOL\" \/>\n<meta property=\"article:modified_time\" content=\"2023-10-10T11:17:24+00:00\" \/>\n<meta property=\"og:image\" content=\"https:\/\/www.zugol.de\/it\/wp-content\/uploads\/sites\/7\/2022\/08\/zugol_bindemittel_slide01.jpg\" \/>\n\t<meta property=\"og:image:width\" content=\"2048\" \/>\n\t<meta property=\"og:image:height\" content=\"1365\" \/>\n\t<meta property=\"og:image:type\" content=\"image\/jpeg\" \/>\n<meta name=\"twitter:card\" content=\"summary_large_image\" \/>\n<meta name=\"twitter:title\" content=\"Praxis f\u00fcr Narzissmusberatung Berlin Kerstin Rositzka - Impressum\" \/>\n<meta name=\"twitter:description\" content=\"Kerstin Rositzka ist Heilpraktikerin f\u00fcr Psychotherapie. In meiner Praxis biete ich Hilfe f\u00fcr Opfer von Narzissten und narzisstischen Strukturen.\" \/>\n<meta name=\"twitter:label1\" content=\"Tempo di lettura stimato\" \/>\n\t<meta name=\"twitter:data1\" content=\"2 minuti\" \/>\n<script type=\"application\/ld+json\" class=\"yoast-schema-graph\">{\"@context\":\"https:\/\/schema.org\",\"@graph\":[{\"@type\":\"WebPage\",\"@id\":\"https:\/\/www.zugol.de\/it\/impressum\/\",\"url\":\"https:\/\/www.zugol.de\/it\/impressum\/\",\"name\":\"Impronta - ZUGOL\",\"isPartOf\":{\"@id\":\"https:\/\/www.zugol.de\/it\/#website\"},\"datePublished\":\"2022-10-01T12:58:44+00:00\",\"dateModified\":\"2023-10-10T11:17:24+00:00\",\"breadcrumb\":{\"@id\":\"https:\/\/www.zugol.de\/it\/impressum\/#breadcrumb\"},\"inLanguage\":\"it-IT\",\"potentialAction\":[{\"@type\":\"ReadAction\",\"target\":[\"https:\/\/www.zugol.de\/it\/impressum\/\"]}]},{\"@type\":\"BreadcrumbList\",\"@id\":\"https:\/\/www.zugol.de\/it\/impressum\/#breadcrumb\",\"itemListElement\":[{\"@type\":\"ListItem\",\"position\":1,\"name\":\"Startseite\",\"item\":\"https:\/\/www.zugol.de\/it\/\"},{\"@type\":\"ListItem\",\"position\":2,\"name\":\"Impronta\"}]},{\"@type\":\"WebSite\",\"@id\":\"https:\/\/www.zugol.de\/it\/#website\",\"url\":\"https:\/\/www.zugol.de\/it\/\",\"name\":\"ZUGOL legante universale\",\"description\":\"Legante universale per olio\",\"publisher\":{\"@id\":\"https:\/\/www.zugol.de\/it\/#organization\"},\"potentialAction\":[{\"@type\":\"SearchAction\",\"target\":{\"@type\":\"EntryPoint\",\"urlTemplate\":\"https:\/\/www.zugol.de\/it\/?s={search_term_string}\"},\"query-input\":\"required name=search_term_string\"}],\"inLanguage\":\"it-IT\"},{\"@type\":\"Organization\",\"@id\":\"https:\/\/www.zugol.de\/it\/#organization\",\"name\":\"ZUGOL legante universale\",\"url\":\"https:\/\/www.zugol.de\/it\/\",\"logo\":{\"@type\":\"ImageObject\",\"inLanguage\":\"it-IT\",\"@id\":\"https:\/\/www.zugol.de\/it\/#\/schema\/logo\/image\/\",\"url\":\"https:\/\/www.zugol.de\/it\/wp-content\/uploads\/sites\/7\/2023\/01\/zugol-logo_black.svg\",\"contentUrl\":\"https:\/\/www.zugol.de\/it\/wp-content\/uploads\/sites\/7\/2023\/01\/zugol-logo_black.svg\",\"width\":1,\"height\":1,\"caption\":\"ZUGOL legante universale\"},\"image\":{\"@id\":\"https:\/\/www.zugol.de\/it\/#\/schema\/logo\/image\/\"}}]}<\/script>\n<!-- \/ Yoast SEO plugin. -->","yoast_head_json":{"title":"Impronta - ZUGOL","robots":{"index":"noindex","follow":"nofollow"},"og_locale":"it_IT","og_type":"article","og_title":"Impronta - ZUGOL","og_description":"Informazioni legali per la tua visita a questo sito web Questo sito web \u00e8 gestito da Filter &#8211; M\u00fcller GmbH Motzener Str. 7, 12277 Berlin, Germania Tel: +49 30 &#8211; 606 8888 Fax: +49 30 &#8211; 606 8640 E-Mail: info@filter-mueller.de Tribunale del registro: Amtsgericht Charlottenburg Berlin Numero di registrazione: HRB 255984 B Responsabile del contenuto [&hellip;]","og_url":"https:\/\/www.zugol.de\/it\/impressum\/","og_site_name":"ZUGOL","article_modified_time":"2023-10-10T11:17:24+00:00","og_image":[{"width":2048,"height":1365,"url":"https:\/\/www.zugol.de\/it\/wp-content\/uploads\/sites\/7\/2022\/08\/zugol_bindemittel_slide01.jpg","type":"image\/jpeg"}],"twitter_card":"summary_large_image","twitter_title":"Praxis f\u00fcr Narzissmusberatung Berlin Kerstin Rositzka - Impressum","twitter_description":"Kerstin Rositzka ist Heilpraktikerin f\u00fcr Psychotherapie. In meiner Praxis biete ich Hilfe f\u00fcr Opfer von Narzissten und narzisstischen Strukturen.","twitter_misc":{"Tempo di lettura stimato":"2 minuti"},"schema":{"@context":"https:\/\/schema.org","@graph":[{"@type":"WebPage","@id":"https:\/\/www.zugol.de\/it\/impressum\/","url":"https:\/\/www.zugol.de\/it\/impressum\/","name":"Impronta - ZUGOL","isPartOf":{"@id":"https:\/\/www.zugol.de\/it\/#website"},"datePublished":"2022-10-01T12:58:44+00:00","dateModified":"2023-10-10T11:17:24+00:00","breadcrumb":{"@id":"https:\/\/www.zugol.de\/it\/impressum\/#breadcrumb"},"inLanguage":"it-IT","potentialAction":[{"@type":"ReadAction","target":["https:\/\/www.zugol.de\/it\/impressum\/"]}]},{"@type":"BreadcrumbList","@id":"https:\/\/www.zugol.de\/it\/impressum\/#breadcrumb","itemListElement":[{"@type":"ListItem","position":1,"name":"Startseite","item":"https:\/\/www.zugol.de\/it\/"},{"@type":"ListItem","position":2,"name":"Impronta"}]},{"@type":"WebSite","@id":"https:\/\/www.zugol.de\/it\/#website","url":"https:\/\/www.zugol.de\/it\/","name":"ZUGOL legante universale","description":"Legante universale per olio","publisher":{"@id":"https:\/\/www.zugol.de\/it\/#organization"},"potentialAction":[{"@type":"SearchAction","target":{"@type":"EntryPoint","urlTemplate":"https:\/\/www.zugol.de\/it\/?s={search_term_string}"},"query-input":"required name=search_term_string"}],"inLanguage":"it-IT"},{"@type":"Organization","@id":"https:\/\/www.zugol.de\/it\/#organization","name":"ZUGOL legante universale","url":"https:\/\/www.zugol.de\/it\/","logo":{"@type":"ImageObject","inLanguage":"it-IT","@id":"https:\/\/www.zugol.de\/it\/#\/schema\/logo\/image\/","url":"https:\/\/www.zugol.de\/it\/wp-content\/uploads\/sites\/7\/2023\/01\/zugol-logo_black.svg","contentUrl":"https:\/\/www.zugol.de\/it\/wp-content\/uploads\/sites\/7\/2023\/01\/zugol-logo_black.svg","width":1,"height":1,"caption":"ZUGOL legante universale"},"image":{"@id":"https:\/\/www.zugol.de\/it\/#\/schema\/logo\/image\/"}}]}},"_links":{"self":[{"href":"https:\/\/www.zugol.de\/it\/wp-json\/wp\/v2\/pages\/220"}],"collection":[{"href":"https:\/\/www.zugol.de\/it\/wp-json\/wp\/v2\/pages"}],"about":[{"href":"https:\/\/www.zugol.de\/it\/wp-json\/wp\/v2\/types\/page"}],"author":[{"embeddable":true,"href":"https:\/\/www.zugol.de\/it\/wp-json\/wp\/v2\/users\/1"}],"replies":[{"embeddable":true,"href":"https:\/\/www.zugol.de\/it\/wp-json\/wp\/v2\/comments?post=220"}],"version-history":[{"count":5,"href":"https:\/\/www.zugol.de\/it\/wp-json\/wp\/v2\/pages\/220\/revisions"}],"predecessor-version":[{"id":737,"href":"https:\/\/www.zugol.de\/it\/wp-json\/wp\/v2\/pages\/220\/revisions\/737"}],"wp:featuredmedia":[{"embeddable":true,"href":"https:\/\/www.zugol.de\/it\/wp-json\/wp\/v2\/media\/600"}],"wp:attachment":[{"href":"https:\/\/www.zugol.de\/it\/wp-json\/wp\/v2\/media?parent=220"}],"curies":[{"name":"wp","href":"https:\/\/api.w.org\/{rel}","templated":true}]}}