{"id":275,"date":"2022-10-01T11:37:13","date_gmt":"2022-10-01T09:37:13","guid":{"rendered":"https:\/\/zugol.de\/?page_id=275"},"modified":"2023-10-10T13:22:29","modified_gmt":"2023-10-10T11:22:29","slug":"datenschutzerklaerung","status":"publish","type":"page","link":"https:\/\/www.zugol.de\/fr\/datenschutzerklaerung\/","title":{"rendered":"Confidentialit\u00e9"},"content":{"rendered":"<h3>G\u00e9n\u00e9ral<\/h3>\n<p>Les avis de protection des donn\u00e9es suivants expliquent la collecte et le traitement de vos donn\u00e9es personnelles lors de l&rsquo;utilisation de ce site Web. Cet avis de protection des donn\u00e9es concerne \u00e9galement la collecte et le traitement de vos donn\u00e9es sur des sites Web externes ou des services en ligne connect\u00e9s \u00e0 ce site Web (par exemple, des pages de m\u00e9dias sociaux). Les d\u00e9finitions et descriptions de la collecte et du traitement des donn\u00e9es ainsi que du responsable de cette collecte ou de ce traitement correspondent \u00e0 la d\u00e9finition de l&rsquo;article 4 du R\u00e8glement g\u00e9n\u00e9ral sur la protection des donn\u00e9es (RGPD).<\/p>\n<h3>Donn\u00e9es personnelles<\/h3>\n<p>Les \u00ab\u00a0donn\u00e9es personnelles\u00a0\u00bb d\u00e9signent essentiellement toutes les informations qui peuvent \u00eatre utilis\u00e9es pour tirer des conclusions sur une personne physique ou pour identifier une personne physique. Une personne physique est consid\u00e9r\u00e9e comme identifiable si elle peut \u00eatre identifi\u00e9e \u00e0 l&rsquo;aide d&rsquo;un identifiant (par exemple, un nom), d&rsquo;un num\u00e9ro, d&rsquo;un emplacement sp\u00e9cifique, d&rsquo;une balise en ligne (par exemple, un cookie) ou d&rsquo;autres caract\u00e9ristiques particuli\u00e8res (par exemple, physiques, psychologiques, g\u00e9n\u00e9tiques, \u00e9conomiques , caract\u00e9ristiques culturelles ou sociales) peuvent \u00eatre clairement identifi\u00e9s. <\/p>\n<h3>Responsabilit\u00e9 de la protection des donn\u00e9es<\/h3>\n<p>Responsable en vertu de la loi sur la protection des donn\u00e9es pour la collecte et le traitement des donn\u00e9es sur ce site Web<\/p>\n<p><strong>FILTER &#8211; M\u00dcLLER GmbH<\/strong><br \/>\nMotzener Str. 7, 12277 Berlin<br \/>\nAllemagne<br \/>\nTel: +49 30 &#8211; 606 8888<br \/>\nFax: +49 30 &#8211; 606 8640<br \/>\nE-Mail: info@filter-mueller.de<\/p>\n<p>L&rsquo;organisme responsable peut \u00eatre contact\u00e9 \u00e0 l&rsquo;adresse ci-dessus.<\/p>\n<p>Outre l&rsquo;exploitant de ce site Web, leurs partenaires de coop\u00e9ration respectifs sont conjointement responsables, en vertu de la loi sur la protection des donn\u00e9es, de certains des traitements de donn\u00e9es mentionn\u00e9s ci-dessous. Vous pouvez donc \u00e9galement exercer certains droits directement contre le partenaire de coop\u00e9ration respectif. Vous trouverez les informations pertinentes \u00e0 l&rsquo;endroit correspondant dans cette d\u00e9claration de protection des donn\u00e9es. <\/p>\n<h3>Collecte et stockage des donn\u00e9es personnelles et le type et le but de leur utilisation<\/h3>\n<p><strong>a) Lors de la visite du site Web <\/strong><br \/>\nLorsque vous visitez ce site Web, le navigateur utilis\u00e9 sur votre appareil envoie automatiquement des informations au serveur de notre site Web. Ces informations sont stock\u00e9es temporairement dans un fichier dit journal. Les informations suivantes sont enregistr\u00e9es sans votre intervention et conserv\u00e9es jusqu&rsquo;\u00e0 leur suppression automatique :<\/p>\n<ul>\n<li>Adresse IP de l&rsquo;ordinateur demandeur,<\/li>\n<li>Date et heure d&rsquo;acc\u00e8s,<\/li>\n<li>Nom et URL du fichier r\u00e9cup\u00e9r\u00e9,<\/li>\n<li>Site Web \u00e0 partir duquel l&rsquo;acc\u00e8s est effectu\u00e9 (Referrer-URL),<\/li>\n<li>Navigateur utilis\u00e9 et, le cas \u00e9ch\u00e9ant, le syst\u00e8me d&rsquo;exploitation de votre ordinateur et le nom de votre fournisseur d&rsquo;acc\u00e8s.<\/li>\n<\/ul>\n<p>Les donn\u00e9es mentionn\u00e9es sont trait\u00e9es par nous aux fins suivantes :<\/p>\n<ul>\n<li>Assurer une connexion fluide au site web,<\/li>\n<li>Assurer une utilisation confortable de notre site Web,<\/li>\n<li>\u00c9valuation de la s\u00e9curit\u00e9 et de la stabilit\u00e9 du syst\u00e8me ainsi<\/li>\n<li>\u00e0 d&rsquo;autres fins administratives.<\/li>\n<\/ul>\n<p>La base juridique du traitement des donn\u00e9es est l&rsquo;article 6, paragraphe 1, alin\u00e9a 1, lettre f du RGPD. Notre int\u00e9r\u00eat l\u00e9gitime d\u00e9coule des finalit\u00e9s de collecte de donn\u00e9es \u00e9num\u00e9r\u00e9es ci-dessus. En aucun cas nous n&rsquo;utilisons les donn\u00e9es collect\u00e9es dans le but de tirer des conclusions sur votre personne. De plus, nous utilisons des cookies et des services d&rsquo;analyse lorsque vous visitez notre site Web. Vous trouverez des informations plus d\u00e9taill\u00e9es \u00e0 ce sujet dans les sections 4 et 5 de cette d\u00e9claration de protection des donn\u00e9es. <\/p>\n<p><strong>b) Lorsque vous utilisez l&rsquo;un de nos formulaires de contact<\/strong><br \/>\nSi vous avez des questions, nous vous offrons la possibilit\u00e9 de nous contacter en utilisant un formulaire fourni sur le site Web. Il est n\u00e9cessaire de saisir une adresse e-mail valide afin que nous sachions qui a envoy\u00e9 la demande et que nous puissions y r\u00e9pondre. De plus amples informations peuvent \u00eatre fournies volontairement. Le traitement des donn\u00e9es au moment de la prise de contact a lieu conform\u00e9ment \u00e0 l&rsquo;article 6, paragraphe 1, alin\u00e9a 1, lettre a du RGPD sur la base de votre consentement volontaire. Les donn\u00e9es personnelles que nous collectons pour l&rsquo;utilisation du formulaire de contact seront automatiquement supprim\u00e9es apr\u00e8s traitement de la demande que vous avez formul\u00e9e. <\/p>\n<h3>Partage de donn\u00e9es<\/h3>\n<p>Vos donn\u00e9es personnelles ne seront transmises \u00e0 des tiers que si :<\/p>\n<ul>\n<li>vous avez donn\u00e9 votre consentement expr\u00e8s conform\u00e9ment \u00e0 l&rsquo;article 6, paragraphe 1, alin\u00e9a 1, lettre a du RGPD,<\/li>\n<li>la divulgation est n\u00e9cessaire a l&rsquo;article 6 paragraphe 1, alin\u00e9a 1 lit. RGPD pour faire valoir, exercer ou d\u00e9fendre des droits l\u00e9gaux et il n&rsquo;y a aucune raison de soup\u00e7onner que vous avez un int\u00e9r\u00eat l\u00e9gitime sup\u00e9rieur \u00e0 ne pas divulguer vos donn\u00e9es,<\/li>\n<li>il existe une obligation l\u00e9gale de transfert conform\u00e9ment \u00e0 l&rsquo;article 6, paragraphe 1, alin\u00e9a 1, lettre c du RGPD, comme<\/li>\n<li>cette loi n&rsquo;est pas autoris\u00e9e et est n\u00e9cessaire pour le traitement des relations contractuelles avec vous conform\u00e9ment \u00e0 l&rsquo;article 6 (1) phrase 1 lit.b GDPR..<\/li>\n<\/ul>\n<h3>Cookies<\/h3>\n<p>Nous utilisons des cookies sur notre site Web. Il s&rsquo;agit de petits fichiers qui sont automatiquement cr\u00e9\u00e9s dans le navigateur et stock\u00e9s sur votre terminal (ordinateur portable, tablette, smartphone ou similaire) lorsque vous visitez notre site Web. Les cookies n&rsquo;endommagent pas votre terminal et ne contiennent pas de virus, de chevaux de Troie ou d&rsquo;autres logiciels malveillants.<\/p>\n<p>Des informations sont stock\u00e9es dans le cookie qui se produit en relation avec le terminal sp\u00e9cifique utilis\u00e9. Toutefois, cela ne signifie pas que nous sommes imm\u00e9diatement inform\u00e9s de votre identit\u00e9.<\/p>\n<p>L&rsquo;utilisation de cookies sert \u00e0 rendre l&rsquo;utilisation de notre offre plus agr\u00e9able pour vous. Nous utilisons des cookies dits de session conform\u00e9ment \u00e0 l&rsquo;article 6, paragraphe 1, alin\u00e9a 1, lettre a du RGPD, afin de reconna\u00eetre si vous avez d\u00e9j\u00e0 visit\u00e9 certaines pages de notre site Web. Dans les param\u00e8tres de votre navigateur, vous avez la possibilit\u00e9 de supprimer vos cookies apr\u00e8s avoir ferm\u00e9 la fen\u00eatre du navigateur. <\/p>\n<p>De plus, nous utilisons \u00e9galement des cookies temporaires pour optimiser la convivialit\u00e9, qui sont stock\u00e9s sur votre terminal pendant une p\u00e9riode d\u00e9termin\u00e9e. Si vous visitez \u00e0 nouveau notre site Web pour utiliser nos services, il sera automatiquement reconnu que vous avez d\u00e9j\u00e0 \u00e9t\u00e9 avec nous et quelles entr\u00e9es et param\u00e8tres vous avez effectu\u00e9s afin que vous n&rsquo;ayez pas \u00e0 les saisir \u00e0 nouveau.<\/p>\n<p>D&rsquo;autre part, nous utilisons des cookies pour enregistrer statistiquement l&rsquo;utilisation de notre site Web et pour l&rsquo;\u00e9valuer dans le but d&rsquo;optimiser notre offre (voir section 5). Ces cookies nous permettent de vous reconna\u00eetre automatiquement lorsque vous visitez \u00e0 nouveau notre site Web. Ces cookies sont automatiquement supprim\u00e9s apr\u00e8s une p\u00e9riode de temps d\u00e9finie.<\/p>\n<p>Les donn\u00e9es trait\u00e9es par les cookies sont n\u00e9cessaires aux fins mentionn\u00e9es pour prot\u00e9ger nos int\u00e9r\u00eats l\u00e9gitimes et ceux de tiers conform\u00e9ment \u00e0 l&rsquo;article 6, paragraphe 1, phrase 1, lettre f du RGPD.<\/p>\n<p>La plupart des navigateurs acceptent automatiquement les cookies. Cependant, vous pouvez configurer votre navigateur de mani\u00e8re \u00e0 ce qu&rsquo;aucun cookie ne soit stock\u00e9 sur votre ordinateur ou qu&rsquo;un message apparaisse toujours avant la cr\u00e9ation d&rsquo;un nouveau cookie. Cependant, la d\u00e9sactivation compl\u00e8te des cookies peut signifier que vous ne pouvez pas utiliser toutes les fonctions de notre site Web.<\/p>\n<h3>Outils d&rsquo;analyse<\/h3>\n<p><strong>a) Outils de suivi<\/strong><br \/>\nLes mesures de suivi \u00e9num\u00e9r\u00e9es ci-dessous et que nous utilisons sont effectu\u00e9es sur la base de l&rsquo;article 6, paragraphe 1, phrase 1, lettre f du RGPD. Gr\u00e2ce aux mesures de suivi utilis\u00e9es, nous assurerons l&rsquo;optimisation continue de notre site Web en fonction des besoins. D&rsquo;autre part, nous utilisons des mesures de suivi pour enregistrer statistiquement l&rsquo;utilisation de notre site Web et pour l&rsquo;\u00e9valuer dans le but d&rsquo;optimiser notre offre pour vous. Ces int\u00e9r\u00eats doivent \u00eatre consid\u00e9r\u00e9s comme l\u00e9gitimes au sens de la disposition pr\u00e9cit\u00e9e. Les finalit\u00e9s de traitement des donn\u00e9es et les cat\u00e9gories de donn\u00e9es respectives peuvent \u00eatre trouv\u00e9es dans les outils de suivi correspondants. <\/p>\n<p><strong>b) Google Analytics<\/strong><br \/>\nNous utilisons Google Analytics, un service d&rsquo;analyse publicitaire fourni par Google Inc. (https:\/\/www.google.de\/intl\/de\/about\/) (1600 Amphitheatre Parkway, Mountain View, CA 94043, USA) dans le but de surveiller en permanence l&rsquo;optimisation de notre site Internet en fonction des besoins, ci-apr\u00e8s \u00ab\u00a0Google\u00a0\u00bb). Dans ce contexte, des profils d&rsquo;utilisateurs pseudonymis\u00e9s sont cr\u00e9\u00e9s et des cookies (voir section 4) sont utilis\u00e9s. Les informations g\u00e9n\u00e9r\u00e9es par le cookie concernant votre utilisation de ce site Web telles que<\/p>\n<ul>\n<li>Type\/version de navigateur,<\/li>\n<li>syst\u00e8me d&rsquo;exploitation utilis\u00e9,<\/li>\n<li>URL de r\u00e9f\u00e9rence (la page visit\u00e9e pr\u00e9c\u00e9demment),<\/li>\n<li>Nom d&rsquo;h\u00f4te de l&rsquo;ordinateur acc\u00e9dant (adresse IP),<\/li>\n<li>Date et heure de la requ\u00eate du serveur,<\/li>\n<\/ul>\n<p>sont transmises \u00e0 un serveur de Google aux \u00c9tats-Unis et y sont stock\u00e9es.<br \/>\nLes informations sont utilis\u00e9es pour \u00e9valuer l&rsquo;utilisation du site Web, pour compiler des rapports sur l&rsquo;activit\u00e9 du site Web et pour fournir d&rsquo;autres services li\u00e9s \u00e0 l&rsquo;utilisation du site Web et d&rsquo;Internet \u00e0 des fins d&rsquo;\u00e9tude de march\u00e9 et de conception de ces sites Web en fonction des besoins. <\/p>\n<p>Ces informations peuvent \u00e9galement \u00eatre transmises \u00e0 des tiers si cela est requis par la loi ou si des tiers traitent ces donn\u00e9es en notre nom. En aucun cas votre adresse IP ne sera fusionn\u00e9e avec d&rsquo;autres donn\u00e9es de Google. Les adresses IP sont anonymis\u00e9es de sorte qu&rsquo;une attribution n&rsquo;est pas possible (masquage IP). <\/p>\n<p>Vous pouvez emp\u00eacher l&rsquo;installation de cookies en configurant le logiciel de navigation en cons\u00e9quence ; cependant, nous attirons votre attention sur le fait que dans ce cas, vous ne pourrez peut-\u00eatre pas utiliser toutes les fonctions du site Web dans leur int\u00e9gralit\u00e9. <\/p>\n<p>Vous pouvez \u00e9galement emp\u00eacher la collecte des donn\u00e9es g\u00e9n\u00e9r\u00e9es par le cookie et li\u00e9es \u00e0 votre utilisation du site Web (y compris votre adresse IP) et le traitement de ces donn\u00e9es par Google en t\u00e9l\u00e9chargeant et en installant un module compl\u00e9mentaire de navigateur (https:\/\/tools.google .com\/dlpage\/gaoptout?hl=de). <\/p>\n<p>Comme alternative au module compl\u00e9mentaire de navigateur, en particulier pour les navigateurs sur les appareils mobiles, vous pouvez \u00e9galement emp\u00eacher Google Analytics de collecter des donn\u00e9es en cliquant sur ce lien. Un cookie de d\u00e9sactivation sera install\u00e9 pour emp\u00eacher la collecte future de vos donn\u00e9es lorsque vous visitez ce site Web. Le cookie de d\u00e9sactivation n&rsquo;est valable que dans ce navigateur et uniquement pour notre site Web et est stock\u00e9 sur votre terminal. Si vous supprimez les cookies dans ce navigateur, vous devez \u00e0 nouveau d\u00e9finir le cookie de d\u00e9sactivation.<\/p>\n<p>Vous trouverez de plus amples informations sur la protection des donn\u00e9es dans le cadre de Google Analytics dans l&rsquo;aide de Google Analytics. (https:\/\/support.google.com\/analytics\/answer\/6004245?hl=de). <\/p>\n<h3>Droits des personnes concern\u00e9es<\/h3>\n<p>Vous avez le droit:<\/p>\n<ul>\n<li>gem\u00e4\u00df Art. 15 DSGVO Auskunft \u00fcber Ihre von uns verarbeiteten personenbezogenen Daten zu verlangen. Insbesondere k\u00f6nnen Sie Auskunft \u00fcber die Verarbeitungszwecke, die Kategorie der personenbezogenen Daten, die Kategorien von Empf\u00e4ngern, gegen\u00fcber denen Ihre Daten offengelegt wurden oder werden, die geplante Speicherdauer, das Bestehen eines Rechts auf Berichtigung, L\u00f6schung, Einschr\u00e4nkungen der Verarbeitung oder Widerspruch, das Bestehen eines Beschwerderechts, die Herkunft Ihrer Daten, sofern diese nicht bei uns erhoben wurden, sowie \u00fcber das Bestehen einer automatisierten Entscheidungsfindung einschlie\u00dflich Profiling und ggf. aussagekr\u00e4ftigen Informationen zu deren Einzelheiten verlangen;<\/li>\n<li>gem\u00e4\u00df Art. 16 DSGVO unverz\u00fcglich die Berichtigung unrichtiger oder Vervollst\u00e4ndigung Ihrer bei uns gespeicherten personenbezogenen Daten zu verlangen;<\/li>\n<li>gem\u00e4\u00df Art. 17 DSGVO die L\u00f6schung Ihrer bei uns gespeicherten personenbezogenen Daten zu verlangen, soweit nicht die Verarbeitung zur Aus\u00fcbung des Rechts auf freie Meinungs\u00e4u\u00dferung Information, zur Erf\u00fcllung einer rechtlichen Verpflichtung, aus Gr\u00fcnden des \u00f6ffentlichen Interesses oder zur Geltendmachung, Aus\u00fcbung oder Verteidigung von Rechtsanspr\u00fcchen erforderlich ist; <\/li>\n<li>gem\u00e4\u00df Art. 18 DSGVO die Einschr\u00e4nkung der Verarbeitung Ihrer personenbezogenen Daten zu verlangen, soweit die Richtigkeit der Daten von Ihnen bestritten wird, die Verarbeitung unrechtm\u00e4\u00dfig ist, Sie aber deren L\u00f6schung ablehnen und wir die Daten nicht mehr ben\u00f6tigen, Sie jedoch diese zur Geltendmachung, Aus\u00fcbung oder Verteidigung von Rechtsanspr\u00fcchen ben\u00f6tigen oder Sie gem\u00e4\u00df Art. 21 DSGVO Widerspruch gegen die Verarbeitung eingelegt haben;<\/li>\n<li>gem\u00e4\u00df Art. 20 DSGVO Ihre personenbezogenen Daten, die Sie uns bereitgestellt haben, in einem strukturierten, g\u00e4ngigen und maschinenmessbaren Format zu erhalten oder die \u00dcbermittlung an einen anderen Verantwortlichen zu verlangen; <\/li>\n<li>gem\u00e4\u00df Art. 7 Abs. 3 DSGVO Ihre einmal erteilte Einwilligung jederzeit gegen\u00fcber uns zu widerrufen. Dies hat zur Folge, dass wir die Datenverarbeitung, die auf diese Einwilligung beruhte, f\u00fcr die Zukunft nicht mehr fortf\u00fchren d\u00fcrfen und<\/li>\n<li>gem\u00e4\u00df Art. 77 DSGVO sich bei einer Aufsichtsbeh\u00f6rde zu beschweren. In der Regel k\u00f6nnen Sie sich hierf\u00fcr an die Aufsichtsbeh\u00f6rde Ihres \u00fcblichen Aufenthaltsortes oder Arbeitsplatzes oder unseres Kanzleisitzes wenden.<\/li>\n<\/ul>\n<p><strongDroit d'opposition<\/strong><br \/>\nSi vos donn\u00e9es personnelles sont trait\u00e9es sur la base d&rsquo;int\u00e9r\u00eats l\u00e9gitimes conform\u00e9ment \u00e0 l&rsquo;article 6, paragraphe 1, alin\u00e9a 1, lettre f du RGPD, vous avez le droit de vous opposer au traitement de vos donn\u00e9es personnelles conform\u00e9ment \u00e0 l&rsquo;article 21 du RGPD, \u00e0 condition qu&rsquo;il existe des raisons pour lesquelles cela d\u00e9coule de votre situation particuli\u00e8re ou l&rsquo;opposition est dirig\u00e9e contre la publicit\u00e9 directe. Dans ce dernier cas, vous disposez d&rsquo;un droit g\u00e9n\u00e9ral d&rsquo;opposition, que nous mettrons en \u0153uvre sans pr\u00e9ciser de situation particuli\u00e8re. Si vous souhaitez faire usage de votre droit de r\u00e9vocation ou d&rsquo;opposition, un e-mail informel \u00e0 info@filter-mueller.de suffit.<\/p>\n<h3>S\u00e9curit\u00e9 des donn\u00e9es<\/h3>\n<p>Dans le cadre de la visite du site Web, nous utilisons la proc\u00e9dure SSL (Secure Socket Layer) largement r\u00e9pandue en relation avec le niveau de cryptage respectivement le plus \u00e9lev\u00e9 pris en charge par votre navigateur. Il s&rsquo;agit g\u00e9n\u00e9ralement d&rsquo;un cryptage 256 bits. Si votre navigateur ne prend pas en charge le cryptage 256 bits, nous utiliserons \u00e0 la place la technologie V3 128 bits. Vous pouvez savoir o\u00f9 une page individuelle de notre site Web est transmise sous forme crypt\u00e9e par la repr\u00e9sentation ferm\u00e9e de la cl\u00e9 ou du symbole de verrouillage dans la barre d&rsquo;\u00e9tat inf\u00e9rieure de votre navigateur. <\/p>\n<p>Nous utilisons \u00e9galement des mesures de s\u00e9curit\u00e9 techniques et organisationnelles appropri\u00e9es pour prot\u00e9ger vos donn\u00e9es contre les manipulations accidentelles ou intentionnelles, la perte partielle ou totale, la destruction ou contre l&rsquo;acc\u00e8s non autoris\u00e9 par des tiers. Nos mesures de s\u00e9curit\u00e9 sont continuellement am\u00e9lior\u00e9es en fonction des d\u00e9veloppements technologiques.<\/p>\n<h3>Mises \u00e0 jour et modifications de cette d\u00e9claration de protection des donn\u00e9es<\/h3>\n<p>Cette d\u00e9claration de protection des donn\u00e9es est actuellement valable et a le statut de d\u00e9cembre 2020. En raison du d\u00e9veloppement ult\u00e9rieur de notre site Web et de nos offres ou en raison de modifications des exigences l\u00e9gales ou officielles, il peut s&rsquo;av\u00e9rer n\u00e9cessaire de modifier cette d\u00e9claration de protection des donn\u00e9es. Vous pouvez consulter et imprimer \u00e0 tout moment la d\u00e9claration de protection des donn\u00e9es actuelle sur le site Web.<\/p>\n<p>Statut 10.10.2023<\/p>\n","protected":false},"excerpt":{"rendered":"<p>G\u00e9n\u00e9ral Les avis de protection des donn\u00e9es suivants expliquent la collecte et le traitement de vos donn\u00e9es personnelles lors de l&rsquo;utilisation de ce site Web. Cet avis de protection des donn\u00e9es concerne \u00e9galement la collecte et le traitement de vos donn\u00e9es sur des sites Web externes ou des services en ligne connect\u00e9s \u00e0 ce site [&hellip;]<\/p>\n","protected":false},"author":1,"featured_media":600,"parent":0,"menu_order":0,"comment_status":"closed","ping_status":"closed","template":"page_subpage.php","meta":[],"yoast_head":"<!-- This site is optimized with the Yoast SEO plugin v20.2.1 - https:\/\/yoast.com\/wordpress\/plugins\/seo\/ -->\n<title>Confidentialit\u00e9 - ZUGOL<\/title>\n<meta name=\"robots\" content=\"noindex, nofollow\" \/>\n<meta property=\"og:locale\" content=\"fr_FR\" \/>\n<meta property=\"og:type\" content=\"article\" \/>\n<meta property=\"og:title\" content=\"Confidentialit\u00e9 - ZUGOL\" \/>\n<meta property=\"og:description\" content=\"G\u00e9n\u00e9ral Les avis de protection des donn\u00e9es suivants expliquent la collecte et le traitement de vos donn\u00e9es personnelles lors de l&rsquo;utilisation de ce site Web. Cet avis de protection des donn\u00e9es concerne \u00e9galement la collecte et le traitement de vos donn\u00e9es sur des sites Web externes ou des services en ligne connect\u00e9s \u00e0 ce site [&hellip;]\" \/>\n<meta property=\"og:url\" content=\"https:\/\/www.zugol.de\/fr\/datenschutzerklaerung\/\" \/>\n<meta property=\"og:site_name\" content=\"ZUGOL\" \/>\n<meta property=\"article:modified_time\" content=\"2023-10-10T11:22:29+00:00\" \/>\n<meta property=\"og:image\" content=\"https:\/\/www.zugol.de\/fr\/wp-content\/uploads\/sites\/8\/2022\/08\/zugol_bindemittel_slide01.jpg\" \/>\n\t<meta property=\"og:image:width\" content=\"2048\" \/>\n\t<meta property=\"og:image:height\" content=\"1365\" \/>\n\t<meta property=\"og:image:type\" content=\"image\/jpeg\" \/>\n<meta name=\"twitter:card\" content=\"summary_large_image\" \/>\n<meta name=\"twitter:label1\" content=\"Dur\u00e9e de lecture estim\u00e9e\" \/>\n\t<meta name=\"twitter:data1\" content=\"12 minutes\" \/>\n<script type=\"application\/ld+json\" class=\"yoast-schema-graph\">{\"@context\":\"https:\/\/schema.org\",\"@graph\":[{\"@type\":\"WebPage\",\"@id\":\"https:\/\/www.zugol.de\/fr\/datenschutzerklaerung\/\",\"url\":\"https:\/\/www.zugol.de\/fr\/datenschutzerklaerung\/\",\"name\":\"Confidentialit\u00e9 - ZUGOL\",\"isPartOf\":{\"@id\":\"https:\/\/www.zugol.de\/fr\/#website\"},\"datePublished\":\"2022-10-01T09:37:13+00:00\",\"dateModified\":\"2023-10-10T11:22:29+00:00\",\"breadcrumb\":{\"@id\":\"https:\/\/www.zugol.de\/fr\/datenschutzerklaerung\/#breadcrumb\"},\"inLanguage\":\"fr-FR\",\"potentialAction\":[{\"@type\":\"ReadAction\",\"target\":[\"https:\/\/www.zugol.de\/fr\/datenschutzerklaerung\/\"]}]},{\"@type\":\"BreadcrumbList\",\"@id\":\"https:\/\/www.zugol.de\/fr\/datenschutzerklaerung\/#breadcrumb\",\"itemListElement\":[{\"@type\":\"ListItem\",\"position\":1,\"name\":\"Startseite\",\"item\":\"https:\/\/www.zugol.de\/fr\/\"},{\"@type\":\"ListItem\",\"position\":2,\"name\":\"Confidentialit\u00e9\"}]},{\"@type\":\"WebSite\",\"@id\":\"https:\/\/www.zugol.de\/fr\/#website\",\"url\":\"https:\/\/www.zugol.de\/fr\/\",\"name\":\"ZUGOL \u2013 Le liant universel\",\"description\":\"Liant d&#039;huile universel\",\"publisher\":{\"@id\":\"https:\/\/www.zugol.de\/fr\/#organization\"},\"potentialAction\":[{\"@type\":\"SearchAction\",\"target\":{\"@type\":\"EntryPoint\",\"urlTemplate\":\"https:\/\/www.zugol.de\/fr\/?s={search_term_string}\"},\"query-input\":\"required name=search_term_string\"}],\"inLanguage\":\"fr-FR\"},{\"@type\":\"Organization\",\"@id\":\"https:\/\/www.zugol.de\/fr\/#organization\",\"name\":\"ZUGOL \u2013 Le liant universel\",\"url\":\"https:\/\/www.zugol.de\/fr\/\",\"logo\":{\"@type\":\"ImageObject\",\"inLanguage\":\"fr-FR\",\"@id\":\"https:\/\/www.zugol.de\/fr\/#\/schema\/logo\/image\/\",\"url\":\"https:\/\/www.zugol.de\/fr\/wp-content\/uploads\/sites\/8\/2023\/01\/zugol-logo_black.svg\",\"contentUrl\":\"https:\/\/www.zugol.de\/fr\/wp-content\/uploads\/sites\/8\/2023\/01\/zugol-logo_black.svg\",\"width\":1,\"height\":1,\"caption\":\"ZUGOL \u2013 Le liant universel\"},\"image\":{\"@id\":\"https:\/\/www.zugol.de\/fr\/#\/schema\/logo\/image\/\"}}]}<\/script>\n<!-- \/ Yoast SEO plugin. -->","yoast_head_json":{"title":"Confidentialit\u00e9 - ZUGOL","robots":{"index":"noindex","follow":"nofollow"},"og_locale":"fr_FR","og_type":"article","og_title":"Confidentialit\u00e9 - ZUGOL","og_description":"G\u00e9n\u00e9ral Les avis de protection des donn\u00e9es suivants expliquent la collecte et le traitement de vos donn\u00e9es personnelles lors de l&rsquo;utilisation de ce site Web. Cet avis de protection des donn\u00e9es concerne \u00e9galement la collecte et le traitement de vos donn\u00e9es sur des sites Web externes ou des services en ligne connect\u00e9s \u00e0 ce site [&hellip;]","og_url":"https:\/\/www.zugol.de\/fr\/datenschutzerklaerung\/","og_site_name":"ZUGOL","article_modified_time":"2023-10-10T11:22:29+00:00","og_image":[{"width":2048,"height":1365,"url":"https:\/\/www.zugol.de\/fr\/wp-content\/uploads\/sites\/8\/2022\/08\/zugol_bindemittel_slide01.jpg","type":"image\/jpeg"}],"twitter_card":"summary_large_image","twitter_misc":{"Dur\u00e9e de lecture estim\u00e9e":"12 minutes"},"schema":{"@context":"https:\/\/schema.org","@graph":[{"@type":"WebPage","@id":"https:\/\/www.zugol.de\/fr\/datenschutzerklaerung\/","url":"https:\/\/www.zugol.de\/fr\/datenschutzerklaerung\/","name":"Confidentialit\u00e9 - ZUGOL","isPartOf":{"@id":"https:\/\/www.zugol.de\/fr\/#website"},"datePublished":"2022-10-01T09:37:13+00:00","dateModified":"2023-10-10T11:22:29+00:00","breadcrumb":{"@id":"https:\/\/www.zugol.de\/fr\/datenschutzerklaerung\/#breadcrumb"},"inLanguage":"fr-FR","potentialAction":[{"@type":"ReadAction","target":["https:\/\/www.zugol.de\/fr\/datenschutzerklaerung\/"]}]},{"@type":"BreadcrumbList","@id":"https:\/\/www.zugol.de\/fr\/datenschutzerklaerung\/#breadcrumb","itemListElement":[{"@type":"ListItem","position":1,"name":"Startseite","item":"https:\/\/www.zugol.de\/fr\/"},{"@type":"ListItem","position":2,"name":"Confidentialit\u00e9"}]},{"@type":"WebSite","@id":"https:\/\/www.zugol.de\/fr\/#website","url":"https:\/\/www.zugol.de\/fr\/","name":"ZUGOL \u2013 Le liant universel","description":"Liant d&#039;huile universel","publisher":{"@id":"https:\/\/www.zugol.de\/fr\/#organization"},"potentialAction":[{"@type":"SearchAction","target":{"@type":"EntryPoint","urlTemplate":"https:\/\/www.zugol.de\/fr\/?s={search_term_string}"},"query-input":"required name=search_term_string"}],"inLanguage":"fr-FR"},{"@type":"Organization","@id":"https:\/\/www.zugol.de\/fr\/#organization","name":"ZUGOL \u2013 Le liant universel","url":"https:\/\/www.zugol.de\/fr\/","logo":{"@type":"ImageObject","inLanguage":"fr-FR","@id":"https:\/\/www.zugol.de\/fr\/#\/schema\/logo\/image\/","url":"https:\/\/www.zugol.de\/fr\/wp-content\/uploads\/sites\/8\/2023\/01\/zugol-logo_black.svg","contentUrl":"https:\/\/www.zugol.de\/fr\/wp-content\/uploads\/sites\/8\/2023\/01\/zugol-logo_black.svg","width":1,"height":1,"caption":"ZUGOL \u2013 Le liant universel"},"image":{"@id":"https:\/\/www.zugol.de\/fr\/#\/schema\/logo\/image\/"}}]}},"_links":{"self":[{"href":"https:\/\/www.zugol.de\/fr\/wp-json\/wp\/v2\/pages\/275"}],"collection":[{"href":"https:\/\/www.zugol.de\/fr\/wp-json\/wp\/v2\/pages"}],"about":[{"href":"https:\/\/www.zugol.de\/fr\/wp-json\/wp\/v2\/types\/page"}],"author":[{"embeddable":true,"href":"https:\/\/www.zugol.de\/fr\/wp-json\/wp\/v2\/users\/1"}],"replies":[{"embeddable":true,"href":"https:\/\/www.zugol.de\/fr\/wp-json\/wp\/v2\/comments?post=275"}],"version-history":[{"count":5,"href":"https:\/\/www.zugol.de\/fr\/wp-json\/wp\/v2\/pages\/275\/revisions"}],"predecessor-version":[{"id":742,"href":"https:\/\/www.zugol.de\/fr\/wp-json\/wp\/v2\/pages\/275\/revisions\/742"}],"wp:featuredmedia":[{"embeddable":true,"href":"https:\/\/www.zugol.de\/fr\/wp-json\/wp\/v2\/media\/600"}],"wp:attachment":[{"href":"https:\/\/www.zugol.de\/fr\/wp-json\/wp\/v2\/media?parent=275"}],"curies":[{"name":"wp","href":"https:\/\/api.w.org\/{rel}","templated":true}]}}