{"id":220,"date":"2022-10-01T14:58:44","date_gmt":"2022-10-01T12:58:44","guid":{"rendered":"https:\/\/zugol.de\/?page_id=220"},"modified":"2023-10-10T13:21:55","modified_gmt":"2023-10-10T11:21:55","slug":"impressum","status":"publish","type":"page","link":"https:\/\/www.zugol.de\/fr\/impressum\/","title":{"rendered":"Imprimer"},"content":{"rendered":"<h3>Informations l\u00e9gales pour votre visite sur ce site<\/h3>\n<p><strong>Ce site Web est fourni par<\/strong><br \/>\nFilter &#8211; M\u00fcller GmbH<br \/>\nMotzener Str. 7, 12277 Berlin<br \/>\nAllemagne<br \/>\nTel: +49 30 &#8211; 606 8888<br \/>\nFax: +49 30 &#8211; 606 8640<br \/>\nE-Mail:\tinfo@filter-mueller.de<\/p>\n<p>Tribunal d&rsquo;enregistrement: Amtsgericht Charlottenburg Berlin<br \/>\nNum\u00e9ro d&rsquo;enregistrement: HRB 255984 B<\/p>\n<p><strong>Responsable du contenu selon \u00a7 18 alin\u00e9a 2 MStV<\/strong><br \/>\nReinhard Sch\u00f6ne, adresse comme ci-dessus<\/p>\n<p><strong>Num\u00e9ro d&rsquo;identification de la taxe<\/strong><br \/>\nDE 362882799<\/p>\n<p><strong>R\u00e9solution des litiges en ligne conform\u00e9ment \u00e0 l&rsquo;article 14, paragraphe 1 ODR-VO<\/strong><br \/>\nLa Commission europ\u00e9enne fournit une plate-forme de r\u00e8glement des litiges en ligne (OS), que vous pouvez trouver \u00e0 l&rsquo;adresse <a href=\"http:\/\/ec.europa.eu\/consumers\/odr\/\" rel=\"noopener\" target=\"_blank\"> http:\/\/ec.europa.eu\/consumers\/odr\/find<\/a>.<\/p>\n<h2>Clause de non-responsabilit\u00e9<\/h2>\n<p><strong>Limitation de responsabilit\u00e9<\/strong><br \/>\nLe contenu du site Web a \u00e9t\u00e9 compil\u00e9 avec le plus grand soin possible. N\u00e9anmoins, aucune garantie n&rsquo;est donn\u00e9e quant \u00e0 l&rsquo;actualit\u00e9, l&rsquo;exhaustivit\u00e9 ou l&rsquo;exactitude du contenu fourni. <\/p>\n<p><strong>Liens externes<\/strong><br \/>\nCe site Web peut contenir des liens ou des r\u00e9f\u00e9rences \u00e0 d&rsquo;autres sites Web sur le contenu desquels le fournisseur de ce site Web n&rsquo;a aucune influence. Pour cette raison, aucune responsabilit\u00e9 n&rsquo;est assum\u00e9e pour le contenu des sites Web externes. Le fournisseur respectif du site Web li\u00e9 est responsable du contenu et de l&rsquo;exactitude des informations fournies. Au moment de la cr\u00e9ation du lien, aucune infraction n&rsquo;\u00e9tait reconnaissable. D\u00e8s notification d&rsquo;une telle infraction, la r\u00e9f\u00e9rence correspondante sera imm\u00e9diatement supprim\u00e9e.<\/p>\n<p><strong>Droits d&rsquo;auteur<\/strong><br \/>\nLe contenu, les travaux et les informations fournis sur ce site Web ainsi que toutes les autres donn\u00e9es mises \u00e0 disposition sur ce site Web et leur conception sont soumis au droit d&rsquo;auteur allemand et au droit d&rsquo;auteur accessoire. Tout type de duplication, de traitement, de distribution, de stockage et d&rsquo;exploitation en dehors des limites du droit d&rsquo;auteur n\u00e9cessite le consentement \u00e9crit pr\u00e9alable du titulaire du droit d&rsquo;auteur. La copie\/sauvegarde non autoris\u00e9e des informations fournies ici n&rsquo;est pas autoris\u00e9e.<\/p>\n<p>L&rsquo;utilisation des donn\u00e9es de contact sur ce site Web par des tiers \u00e0 des fins commerciales est express\u00e9ment interdite. \u00c0 moins que le fournisseur de ce site Web n&rsquo;ait donn\u00e9 son consentement \u00e9crit pr\u00e9alable. Le fournisseur se r\u00e9serve le droit d&rsquo;intenter une action en justice en cas d&rsquo;envoi de publicit\u00e9 non sollicit\u00e9e, par ex. B. par le biais de spams.<\/p>\n<h2>Conception et r\u00e9alisation<\/h2>\n<p><strong>conception et programmation<\/strong><br \/>\n<a href=\"https:\/\/sebastian-klammer.de\" rel=\"noopener noreferrer\" target=\"_blank\">Webdesign Berlin : Sebastian Klammer Grafikdesign<\/a><\/p>\n","protected":false},"excerpt":{"rendered":"<p>Informations l\u00e9gales pour votre visite sur ce site Ce site Web est fourni par Filter &#8211; M\u00fcller GmbH Motzener Str. 7, 12277 Berlin Allemagne Tel: +49 30 &#8211; 606 8888 Fax: +49 30 &#8211; 606 8640 E-Mail: info@filter-mueller.de Tribunal d&rsquo;enregistrement: Amtsgericht Charlottenburg Berlin Num\u00e9ro d&rsquo;enregistrement: HRB 255984 B Responsable du contenu selon \u00a7 18 alin\u00e9a [&hellip;]<\/p>\n","protected":false},"author":1,"featured_media":600,"parent":0,"menu_order":0,"comment_status":"closed","ping_status":"closed","template":"page_subpage.php","meta":[],"yoast_head":"<!-- This site is optimized with the Yoast SEO plugin v20.2.1 - https:\/\/yoast.com\/wordpress\/plugins\/seo\/ -->\n<title>Imprimer - ZUGOL<\/title>\n<meta name=\"robots\" content=\"noindex, nofollow\" \/>\n<meta property=\"og:locale\" content=\"fr_FR\" \/>\n<meta property=\"og:type\" content=\"article\" \/>\n<meta property=\"og:title\" content=\"Imprimer - ZUGOL\" \/>\n<meta property=\"og:description\" content=\"Informations l\u00e9gales pour votre visite sur ce site Ce site Web est fourni par Filter &#8211; M\u00fcller GmbH Motzener Str. 7, 12277 Berlin Allemagne Tel: +49 30 &#8211; 606 8888 Fax: +49 30 &#8211; 606 8640 E-Mail: info@filter-mueller.de Tribunal d&rsquo;enregistrement: Amtsgericht Charlottenburg Berlin Num\u00e9ro d&rsquo;enregistrement: HRB 255984 B Responsable du contenu selon \u00a7 18 alin\u00e9a [&hellip;]\" \/>\n<meta property=\"og:url\" content=\"https:\/\/www.zugol.de\/fr\/impressum\/\" \/>\n<meta property=\"og:site_name\" content=\"ZUGOL\" \/>\n<meta property=\"article:modified_time\" content=\"2023-10-10T11:21:55+00:00\" \/>\n<meta property=\"og:image\" content=\"https:\/\/www.zugol.de\/fr\/wp-content\/uploads\/sites\/8\/2022\/08\/zugol_bindemittel_slide01.jpg\" \/>\n\t<meta property=\"og:image:width\" content=\"2048\" \/>\n\t<meta property=\"og:image:height\" content=\"1365\" \/>\n\t<meta property=\"og:image:type\" content=\"image\/jpeg\" \/>\n<meta name=\"twitter:card\" content=\"summary_large_image\" \/>\n<meta name=\"twitter:title\" content=\"Praxis f\u00fcr Narzissmusberatung Berlin Kerstin Rositzka - Impressum\" \/>\n<meta name=\"twitter:description\" content=\"Kerstin Rositzka ist Heilpraktikerin f\u00fcr Psychotherapie. In meiner Praxis biete ich Hilfe f\u00fcr Opfer von Narzissten und narzisstischen Strukturen.\" \/>\n<meta name=\"twitter:label1\" content=\"Dur\u00e9e de lecture estim\u00e9e\" \/>\n\t<meta name=\"twitter:data1\" content=\"2 minutes\" \/>\n<script type=\"application\/ld+json\" class=\"yoast-schema-graph\">{\"@context\":\"https:\/\/schema.org\",\"@graph\":[{\"@type\":\"WebPage\",\"@id\":\"https:\/\/www.zugol.de\/fr\/impressum\/\",\"url\":\"https:\/\/www.zugol.de\/fr\/impressum\/\",\"name\":\"Imprimer - ZUGOL\",\"isPartOf\":{\"@id\":\"https:\/\/www.zugol.de\/fr\/#website\"},\"datePublished\":\"2022-10-01T12:58:44+00:00\",\"dateModified\":\"2023-10-10T11:21:55+00:00\",\"breadcrumb\":{\"@id\":\"https:\/\/www.zugol.de\/fr\/impressum\/#breadcrumb\"},\"inLanguage\":\"fr-FR\",\"potentialAction\":[{\"@type\":\"ReadAction\",\"target\":[\"https:\/\/www.zugol.de\/fr\/impressum\/\"]}]},{\"@type\":\"BreadcrumbList\",\"@id\":\"https:\/\/www.zugol.de\/fr\/impressum\/#breadcrumb\",\"itemListElement\":[{\"@type\":\"ListItem\",\"position\":1,\"name\":\"Startseite\",\"item\":\"https:\/\/www.zugol.de\/fr\/\"},{\"@type\":\"ListItem\",\"position\":2,\"name\":\"Imprimer\"}]},{\"@type\":\"WebSite\",\"@id\":\"https:\/\/www.zugol.de\/fr\/#website\",\"url\":\"https:\/\/www.zugol.de\/fr\/\",\"name\":\"ZUGOL \u2013 Le liant universel\",\"description\":\"Liant d&#039;huile universel\",\"publisher\":{\"@id\":\"https:\/\/www.zugol.de\/fr\/#organization\"},\"potentialAction\":[{\"@type\":\"SearchAction\",\"target\":{\"@type\":\"EntryPoint\",\"urlTemplate\":\"https:\/\/www.zugol.de\/fr\/?s={search_term_string}\"},\"query-input\":\"required name=search_term_string\"}],\"inLanguage\":\"fr-FR\"},{\"@type\":\"Organization\",\"@id\":\"https:\/\/www.zugol.de\/fr\/#organization\",\"name\":\"ZUGOL \u2013 Le liant universel\",\"url\":\"https:\/\/www.zugol.de\/fr\/\",\"logo\":{\"@type\":\"ImageObject\",\"inLanguage\":\"fr-FR\",\"@id\":\"https:\/\/www.zugol.de\/fr\/#\/schema\/logo\/image\/\",\"url\":\"https:\/\/www.zugol.de\/fr\/wp-content\/uploads\/sites\/8\/2023\/01\/zugol-logo_black.svg\",\"contentUrl\":\"https:\/\/www.zugol.de\/fr\/wp-content\/uploads\/sites\/8\/2023\/01\/zugol-logo_black.svg\",\"width\":1,\"height\":1,\"caption\":\"ZUGOL \u2013 Le liant universel\"},\"image\":{\"@id\":\"https:\/\/www.zugol.de\/fr\/#\/schema\/logo\/image\/\"}}]}<\/script>\n<!-- \/ Yoast SEO plugin. -->","yoast_head_json":{"title":"Imprimer - ZUGOL","robots":{"index":"noindex","follow":"nofollow"},"og_locale":"fr_FR","og_type":"article","og_title":"Imprimer - ZUGOL","og_description":"Informations l\u00e9gales pour votre visite sur ce site Ce site Web est fourni par Filter &#8211; M\u00fcller GmbH Motzener Str. 7, 12277 Berlin Allemagne Tel: +49 30 &#8211; 606 8888 Fax: +49 30 &#8211; 606 8640 E-Mail: info@filter-mueller.de Tribunal d&rsquo;enregistrement: Amtsgericht Charlottenburg Berlin Num\u00e9ro d&rsquo;enregistrement: HRB 255984 B Responsable du contenu selon \u00a7 18 alin\u00e9a [&hellip;]","og_url":"https:\/\/www.zugol.de\/fr\/impressum\/","og_site_name":"ZUGOL","article_modified_time":"2023-10-10T11:21:55+00:00","og_image":[{"width":2048,"height":1365,"url":"https:\/\/www.zugol.de\/fr\/wp-content\/uploads\/sites\/8\/2022\/08\/zugol_bindemittel_slide01.jpg","type":"image\/jpeg"}],"twitter_card":"summary_large_image","twitter_title":"Praxis f\u00fcr Narzissmusberatung Berlin Kerstin Rositzka - Impressum","twitter_description":"Kerstin Rositzka ist Heilpraktikerin f\u00fcr Psychotherapie. In meiner Praxis biete ich Hilfe f\u00fcr Opfer von Narzissten und narzisstischen Strukturen.","twitter_misc":{"Dur\u00e9e de lecture estim\u00e9e":"2 minutes"},"schema":{"@context":"https:\/\/schema.org","@graph":[{"@type":"WebPage","@id":"https:\/\/www.zugol.de\/fr\/impressum\/","url":"https:\/\/www.zugol.de\/fr\/impressum\/","name":"Imprimer - ZUGOL","isPartOf":{"@id":"https:\/\/www.zugol.de\/fr\/#website"},"datePublished":"2022-10-01T12:58:44+00:00","dateModified":"2023-10-10T11:21:55+00:00","breadcrumb":{"@id":"https:\/\/www.zugol.de\/fr\/impressum\/#breadcrumb"},"inLanguage":"fr-FR","potentialAction":[{"@type":"ReadAction","target":["https:\/\/www.zugol.de\/fr\/impressum\/"]}]},{"@type":"BreadcrumbList","@id":"https:\/\/www.zugol.de\/fr\/impressum\/#breadcrumb","itemListElement":[{"@type":"ListItem","position":1,"name":"Startseite","item":"https:\/\/www.zugol.de\/fr\/"},{"@type":"ListItem","position":2,"name":"Imprimer"}]},{"@type":"WebSite","@id":"https:\/\/www.zugol.de\/fr\/#website","url":"https:\/\/www.zugol.de\/fr\/","name":"ZUGOL \u2013 Le liant universel","description":"Liant d&#039;huile universel","publisher":{"@id":"https:\/\/www.zugol.de\/fr\/#organization"},"potentialAction":[{"@type":"SearchAction","target":{"@type":"EntryPoint","urlTemplate":"https:\/\/www.zugol.de\/fr\/?s={search_term_string}"},"query-input":"required name=search_term_string"}],"inLanguage":"fr-FR"},{"@type":"Organization","@id":"https:\/\/www.zugol.de\/fr\/#organization","name":"ZUGOL \u2013 Le liant universel","url":"https:\/\/www.zugol.de\/fr\/","logo":{"@type":"ImageObject","inLanguage":"fr-FR","@id":"https:\/\/www.zugol.de\/fr\/#\/schema\/logo\/image\/","url":"https:\/\/www.zugol.de\/fr\/wp-content\/uploads\/sites\/8\/2023\/01\/zugol-logo_black.svg","contentUrl":"https:\/\/www.zugol.de\/fr\/wp-content\/uploads\/sites\/8\/2023\/01\/zugol-logo_black.svg","width":1,"height":1,"caption":"ZUGOL \u2013 Le liant universel"},"image":{"@id":"https:\/\/www.zugol.de\/fr\/#\/schema\/logo\/image\/"}}]}},"_links":{"self":[{"href":"https:\/\/www.zugol.de\/fr\/wp-json\/wp\/v2\/pages\/220"}],"collection":[{"href":"https:\/\/www.zugol.de\/fr\/wp-json\/wp\/v2\/pages"}],"about":[{"href":"https:\/\/www.zugol.de\/fr\/wp-json\/wp\/v2\/types\/page"}],"author":[{"embeddable":true,"href":"https:\/\/www.zugol.de\/fr\/wp-json\/wp\/v2\/users\/1"}],"replies":[{"embeddable":true,"href":"https:\/\/www.zugol.de\/fr\/wp-json\/wp\/v2\/comments?post=220"}],"version-history":[{"count":4,"href":"https:\/\/www.zugol.de\/fr\/wp-json\/wp\/v2\/pages\/220\/revisions"}],"predecessor-version":[{"id":741,"href":"https:\/\/www.zugol.de\/fr\/wp-json\/wp\/v2\/pages\/220\/revisions\/741"}],"wp:featuredmedia":[{"embeddable":true,"href":"https:\/\/www.zugol.de\/fr\/wp-json\/wp\/v2\/media\/600"}],"wp:attachment":[{"href":"https:\/\/www.zugol.de\/fr\/wp-json\/wp\/v2\/media?parent=220"}],"curies":[{"name":"wp","href":"https:\/\/api.w.org\/{rel}","templated":true}]}}