{"id":220,"date":"2022-10-01T14:58:44","date_gmt":"2022-10-01T12:58:44","guid":{"rendered":"https:\/\/zugol.de\/?page_id=220"},"modified":"2023-10-10T13:20:33","modified_gmt":"2023-10-10T11:20:33","slug":"impressum","status":"publish","type":"page","link":"https:\/\/www.zugol.de\/es\/impressum\/","title":{"rendered":"Legal"},"content":{"rendered":"<h3>Rechtliche Hinweise f\u00fcr Ihren Besuch auf dieser Website<\/h3>\n<p><strong>Diese Website wird betrieben von<\/strong><br \/>\nFilter &#8211; M\u00fcller GmbH<br \/>\nMotzener Str. 7, 12277 Berlin, Alemania<br \/>\nTel: +49 30 &#8211; 606 8888<br \/>\nFax: +49 30 &#8211; 606 8640<br \/>\nE-Mail:\tinfo@filter-mueller.de<\/p>\n<p>Registergericht: Amtsgericht Charlottenburg Berlin<br \/>\nRegisternummer: HRB 255984 B<\/p>\n<p><strong>Verantwortlich f\u00fcr den Inhalt gem\u00e4\u00df \u00a7 18 Abs. 2 MStV<\/strong><br \/>\nHerr Reinhard Sch\u00f6ne, Motzener Str. 7, 12277 Berlin<\/p>\n<p><strong>Umsatzsteuer-Identifikationsnummer gem\u00e4\u00df \u00a7 27 a Umsatzsteuergesetz<\/strong><br \/>\nDE 362882799<\/p>\n<p><strong>Online-Streitbeilegung gem\u00e4\u00df Art. 14 Abs. 1 ODR-VO<\/strong><br \/>\nDie Europ\u00e4ische Kommission stellt eine Plattform zur Online-Streitbeilegung (OS) bereit, die Sie unter <a href=\"http:\/\/ec.europa.eu\/consumers\/odr\/finden\" rel=\"noopener\" target=\"_blank\">http:\/\/ec.europa.eu\/consumers\/odr\/finden<\/a>.<\/p>\n<h2>Haftungsausschluss<\/h2>\n<p><strong>Haftungsbeschr\u00e4nkung<\/strong><br \/>\nDie Inhalte der Website wurden mit gr\u00f6\u00dftm\u00f6glicher Sorgfalt zusammengestellt. Dennoch wird keinerlei Gew\u00e4hr f\u00fcr die Aktualit\u00e4t, Vollst\u00e4ndigkeit oder Richtigkeit der bereitgestellten Inhalte \u00fcbernommen. <\/p>\n<p><strong>Externe Links<\/strong><br \/>\nDiese Webseite enth\u00e4lt unter Umst\u00e4nden Links oder Verweise zu anderen Websites, auf deren Inhalt die Anbieterin dieser Website keinen Einfluss hat. Aus diesem Grund wird f\u00fcr Inhalte externer Websites keinerlei Gew\u00e4hr \u00fcbernommen. F\u00fcr die Inhalte und Richtigkeit der bereitgestellten Informationen ist der jeweilige Anbieter der verlinkten Webseite verantwortlich. Zum Zeitpunkt der Verlinkung waren keine Rechtsverst\u00f6\u00dfe erkennbar. Bei Bekanntwerden einer solchen Rechtsverletzung wird der entsprechende Verweis umgehend entfernen.<\/p>\n<p><strong>Urheberrecht<\/strong><br \/>\nDie auf dieser Website ver\u00f6ffentlichten Inhalte, Werke und bereitgestellten Informationen sowie s\u00e4mtliche sonstige auf dieser Website zur Verf\u00fcgung gestellten Daten und deren Gestaltung unterliegen dem deutschen Urheber- und Leistungsschutzrecht. Jede Art der Vervielf\u00e4ltigung, Bearbeitung, Verbreitung, Speicherung und Verwertung au\u00dferhalb der Grenzen des Urheberrechts erfordern die vorherige schriftliche Zustimmung des Rechteinhabers. Das unerlaubte Kopieren\/Speichern der hier bereitgestellten Informationen ist nicht gestattet.<\/p>\n<p>Einer Verwendung der Kontaktdaten auf dieser Website durch Dritte zur gewerblichen Nutzung wird ausdr\u00fccklich widersprochen. Es sei denn, die Anbieterin dieser Website hat zuvor ihre schriftliche Einwilligung erteilt. Die Anbieterin beh\u00e4lt sich rechtliche Schritte f\u00fcr den Fall der unverlangten Zusendung von Werbeinformationen, z. B. durch Spam-Mails, vor.<\/p>\n<h2>Gestaltung und Realisation<\/h2>\n<p><strong>Design und Programmierung<\/strong><br \/>\n<a href=\"https:\/\/sebastian-klammer.de\" rel=\"noopener noreferrer\" target=\"_blank\">Webdesign Berlin : Sebastian Klammer Grafikdesign<\/a><\/p>\n<p><strong>Bildnachweise<\/strong><\/p>\n","protected":false},"excerpt":{"rendered":"<p>Rechtliche Hinweise f\u00fcr Ihren Besuch auf dieser Website Diese Website wird betrieben von Filter &#8211; M\u00fcller GmbH Motzener Str. 7, 12277 Berlin, Alemania Tel: +49 30 &#8211; 606 8888 Fax: +49 30 &#8211; 606 8640 E-Mail: info@filter-mueller.de Registergericht: Amtsgericht Charlottenburg Berlin Registernummer: HRB 255984 B Verantwortlich f\u00fcr den Inhalt gem\u00e4\u00df \u00a7 18 Abs. 2 MStV [&hellip;]<\/p>\n","protected":false},"author":1,"featured_media":600,"parent":0,"menu_order":0,"comment_status":"closed","ping_status":"closed","template":"page_subpage.php","meta":[],"yoast_head":"<!-- This site is optimized with the Yoast SEO plugin v20.2.1 - https:\/\/yoast.com\/wordpress\/plugins\/seo\/ -->\n<title>Legal - ZUGOL<\/title>\n<meta name=\"robots\" content=\"noindex, nofollow\" \/>\n<meta property=\"og:locale\" content=\"es_ES\" \/>\n<meta property=\"og:type\" content=\"article\" \/>\n<meta property=\"og:title\" content=\"Legal - ZUGOL\" \/>\n<meta property=\"og:description\" content=\"Rechtliche Hinweise f\u00fcr Ihren Besuch auf dieser Website Diese Website wird betrieben von Filter &#8211; M\u00fcller GmbH Motzener Str. 7, 12277 Berlin, Alemania Tel: +49 30 &#8211; 606 8888 Fax: +49 30 &#8211; 606 8640 E-Mail: info@filter-mueller.de Registergericht: Amtsgericht Charlottenburg Berlin Registernummer: HRB 255984 B Verantwortlich f\u00fcr den Inhalt gem\u00e4\u00df \u00a7 18 Abs. 2 MStV [&hellip;]\" \/>\n<meta property=\"og:url\" content=\"https:\/\/www.zugol.de\/es\/impressum\/\" \/>\n<meta property=\"og:site_name\" content=\"ZUGOL\" \/>\n<meta property=\"article:modified_time\" content=\"2023-10-10T11:20:33+00:00\" \/>\n<meta property=\"og:image\" content=\"https:\/\/www.zugol.de\/es\/wp-content\/uploads\/sites\/9\/2022\/08\/zugol_bindemittel_slide01.jpg\" \/>\n\t<meta property=\"og:image:width\" content=\"2048\" \/>\n\t<meta property=\"og:image:height\" content=\"1365\" \/>\n\t<meta property=\"og:image:type\" content=\"image\/jpeg\" \/>\n<meta name=\"twitter:card\" content=\"summary_large_image\" \/>\n<meta name=\"twitter:title\" content=\"Praxis f\u00fcr Narzissmusberatung Berlin Kerstin Rositzka - Impressum\" \/>\n<meta name=\"twitter:description\" content=\"Kerstin Rositzka ist Heilpraktikerin f\u00fcr Psychotherapie. In meiner Praxis biete ich Hilfe f\u00fcr Opfer von Narzissten und narzisstischen Strukturen.\" \/>\n<meta name=\"twitter:label1\" content=\"Tiempo de lectura\" \/>\n\t<meta name=\"twitter:data1\" content=\"2 minutos\" \/>\n<script type=\"application\/ld+json\" class=\"yoast-schema-graph\">{\"@context\":\"https:\/\/schema.org\",\"@graph\":[{\"@type\":\"WebPage\",\"@id\":\"https:\/\/www.zugol.de\/es\/impressum\/\",\"url\":\"https:\/\/www.zugol.de\/es\/impressum\/\",\"name\":\"Legal - ZUGOL\",\"isPartOf\":{\"@id\":\"https:\/\/www.zugol.de\/es\/#website\"},\"datePublished\":\"2022-10-01T12:58:44+00:00\",\"dateModified\":\"2023-10-10T11:20:33+00:00\",\"breadcrumb\":{\"@id\":\"https:\/\/www.zugol.de\/es\/impressum\/#breadcrumb\"},\"inLanguage\":\"es\",\"potentialAction\":[{\"@type\":\"ReadAction\",\"target\":[\"https:\/\/www.zugol.de\/es\/impressum\/\"]}]},{\"@type\":\"BreadcrumbList\",\"@id\":\"https:\/\/www.zugol.de\/es\/impressum\/#breadcrumb\",\"itemListElement\":[{\"@type\":\"ListItem\",\"position\":1,\"name\":\"Startseite\",\"item\":\"https:\/\/www.zugol.de\/es\/\"},{\"@type\":\"ListItem\",\"position\":2,\"name\":\"Legal\"}]},{\"@type\":\"WebSite\",\"@id\":\"https:\/\/www.zugol.de\/es\/#website\",\"url\":\"https:\/\/www.zugol.de\/es\/\",\"name\":\"ZUGOL \u2013 Aglutinante universal\",\"description\":\"Agente aglutinante de aceite universal\",\"publisher\":{\"@id\":\"https:\/\/www.zugol.de\/es\/#organization\"},\"potentialAction\":[{\"@type\":\"SearchAction\",\"target\":{\"@type\":\"EntryPoint\",\"urlTemplate\":\"https:\/\/www.zugol.de\/es\/?s={search_term_string}\"},\"query-input\":\"required name=search_term_string\"}],\"inLanguage\":\"es\"},{\"@type\":\"Organization\",\"@id\":\"https:\/\/www.zugol.de\/es\/#organization\",\"name\":\"ZUGOL \u2013 Aglutinante universal\",\"url\":\"https:\/\/www.zugol.de\/es\/\",\"logo\":{\"@type\":\"ImageObject\",\"inLanguage\":\"es\",\"@id\":\"https:\/\/www.zugol.de\/es\/#\/schema\/logo\/image\/\",\"url\":\"https:\/\/www.zugol.de\/es\/wp-content\/uploads\/sites\/9\/2023\/01\/zugol-logo_black.svg\",\"contentUrl\":\"https:\/\/www.zugol.de\/es\/wp-content\/uploads\/sites\/9\/2023\/01\/zugol-logo_black.svg\",\"width\":1,\"height\":1,\"caption\":\"ZUGOL \u2013 Aglutinante universal\"},\"image\":{\"@id\":\"https:\/\/www.zugol.de\/es\/#\/schema\/logo\/image\/\"}}]}<\/script>\n<!-- \/ Yoast SEO plugin. -->","yoast_head_json":{"title":"Legal - ZUGOL","robots":{"index":"noindex","follow":"nofollow"},"og_locale":"es_ES","og_type":"article","og_title":"Legal - ZUGOL","og_description":"Rechtliche Hinweise f\u00fcr Ihren Besuch auf dieser Website Diese Website wird betrieben von Filter &#8211; M\u00fcller GmbH Motzener Str. 7, 12277 Berlin, Alemania Tel: +49 30 &#8211; 606 8888 Fax: +49 30 &#8211; 606 8640 E-Mail: info@filter-mueller.de Registergericht: Amtsgericht Charlottenburg Berlin Registernummer: HRB 255984 B Verantwortlich f\u00fcr den Inhalt gem\u00e4\u00df \u00a7 18 Abs. 2 MStV [&hellip;]","og_url":"https:\/\/www.zugol.de\/es\/impressum\/","og_site_name":"ZUGOL","article_modified_time":"2023-10-10T11:20:33+00:00","og_image":[{"width":2048,"height":1365,"url":"https:\/\/www.zugol.de\/es\/wp-content\/uploads\/sites\/9\/2022\/08\/zugol_bindemittel_slide01.jpg","type":"image\/jpeg"}],"twitter_card":"summary_large_image","twitter_title":"Praxis f\u00fcr Narzissmusberatung Berlin Kerstin Rositzka - Impressum","twitter_description":"Kerstin Rositzka ist Heilpraktikerin f\u00fcr Psychotherapie. In meiner Praxis biete ich Hilfe f\u00fcr Opfer von Narzissten und narzisstischen Strukturen.","twitter_misc":{"Tiempo de lectura":"2 minutos"},"schema":{"@context":"https:\/\/schema.org","@graph":[{"@type":"WebPage","@id":"https:\/\/www.zugol.de\/es\/impressum\/","url":"https:\/\/www.zugol.de\/es\/impressum\/","name":"Legal - ZUGOL","isPartOf":{"@id":"https:\/\/www.zugol.de\/es\/#website"},"datePublished":"2022-10-01T12:58:44+00:00","dateModified":"2023-10-10T11:20:33+00:00","breadcrumb":{"@id":"https:\/\/www.zugol.de\/es\/impressum\/#breadcrumb"},"inLanguage":"es","potentialAction":[{"@type":"ReadAction","target":["https:\/\/www.zugol.de\/es\/impressum\/"]}]},{"@type":"BreadcrumbList","@id":"https:\/\/www.zugol.de\/es\/impressum\/#breadcrumb","itemListElement":[{"@type":"ListItem","position":1,"name":"Startseite","item":"https:\/\/www.zugol.de\/es\/"},{"@type":"ListItem","position":2,"name":"Legal"}]},{"@type":"WebSite","@id":"https:\/\/www.zugol.de\/es\/#website","url":"https:\/\/www.zugol.de\/es\/","name":"ZUGOL \u2013 Aglutinante universal","description":"Agente aglutinante de aceite universal","publisher":{"@id":"https:\/\/www.zugol.de\/es\/#organization"},"potentialAction":[{"@type":"SearchAction","target":{"@type":"EntryPoint","urlTemplate":"https:\/\/www.zugol.de\/es\/?s={search_term_string}"},"query-input":"required name=search_term_string"}],"inLanguage":"es"},{"@type":"Organization","@id":"https:\/\/www.zugol.de\/es\/#organization","name":"ZUGOL \u2013 Aglutinante universal","url":"https:\/\/www.zugol.de\/es\/","logo":{"@type":"ImageObject","inLanguage":"es","@id":"https:\/\/www.zugol.de\/es\/#\/schema\/logo\/image\/","url":"https:\/\/www.zugol.de\/es\/wp-content\/uploads\/sites\/9\/2023\/01\/zugol-logo_black.svg","contentUrl":"https:\/\/www.zugol.de\/es\/wp-content\/uploads\/sites\/9\/2023\/01\/zugol-logo_black.svg","width":1,"height":1,"caption":"ZUGOL \u2013 Aglutinante universal"},"image":{"@id":"https:\/\/www.zugol.de\/es\/#\/schema\/logo\/image\/"}}]}},"_links":{"self":[{"href":"https:\/\/www.zugol.de\/es\/wp-json\/wp\/v2\/pages\/220"}],"collection":[{"href":"https:\/\/www.zugol.de\/es\/wp-json\/wp\/v2\/pages"}],"about":[{"href":"https:\/\/www.zugol.de\/es\/wp-json\/wp\/v2\/types\/page"}],"author":[{"embeddable":true,"href":"https:\/\/www.zugol.de\/es\/wp-json\/wp\/v2\/users\/1"}],"replies":[{"embeddable":true,"href":"https:\/\/www.zugol.de\/es\/wp-json\/wp\/v2\/comments?post=220"}],"version-history":[{"count":5,"href":"https:\/\/www.zugol.de\/es\/wp-json\/wp\/v2\/pages\/220\/revisions"}],"predecessor-version":[{"id":737,"href":"https:\/\/www.zugol.de\/es\/wp-json\/wp\/v2\/pages\/220\/revisions\/737"}],"wp:featuredmedia":[{"embeddable":true,"href":"https:\/\/www.zugol.de\/es\/wp-json\/wp\/v2\/media\/600"}],"wp:attachment":[{"href":"https:\/\/www.zugol.de\/es\/wp-json\/wp\/v2\/media?parent=220"}],"curies":[{"name":"wp","href":"https:\/\/api.w.org\/{rel}","templated":true}]}}