{"id":14,"date":"2022-10-01T11:03:27","date_gmt":"2022-10-01T09:03:27","guid":{"rendered":"https:\/\/zugol.de\/?page_id=14"},"modified":"2022-10-01T11:03:27","modified_gmt":"2022-10-01T09:03:27","slug":"willkommen","status":"publish","type":"page","link":"https:\/\/www.zugol.de\/es\/","title":{"rendered":"Home"},"content":{"rendered":"","protected":false},"excerpt":{"rendered":"","protected":false},"author":1,"featured_media":0,"parent":0,"menu_order":0,"comment_status":"closed","ping_status":"closed","template":"","meta":[],"yoast_head":"<!-- This site is optimized with the Yoast SEO plugin v20.2.1 - https:\/\/yoast.com\/wordpress\/plugins\/seo\/ -->\n<title>ZUGOL - Das umweltfreundliche Universalbindemittel \/ \u00d6lbindemittel<\/title>\n<meta name=\"description\" content=\"ZUGOL ist ein Universal-Bindemittel zur Beseitigung von \u00d6l, Benzin, Laugen, Fetten, Farben, S\u00e4uren, Chemikalien. 100% nat\u00fcrlich, ohne chemische Zus\u00e4tze.\" \/>\n<meta name=\"robots\" content=\"index, follow, max-snippet:-1, max-image-preview:large, max-video-preview:-1\" \/>\n<link rel=\"canonical\" href=\"https:\/\/www.zugol.de\/es\/\" \/>\n<meta property=\"og:locale\" content=\"es_ES\" \/>\n<meta property=\"og:type\" content=\"article\" \/>\n<meta property=\"og:title\" content=\"ZUGOL - Das umweltfreundliche Universalbindemittel\" \/>\n<meta property=\"og:description\" content=\"ZUGOL ist ein Universal-Bindemittel zur Beseitigung von \u00d6l, Benzin, Laugen, Fetten, Farben, S\u00e4uren, Chemikalien. 100% nat\u00fcrlich, ohne chemische Zus\u00e4tze.\" \/>\n<meta property=\"og:url\" content=\"https:\/\/www.zugol.de\/es\/\" \/>\n<meta property=\"og:site_name\" content=\"ZUGOL\" \/>\n<meta property=\"og:image\" content=\"https:\/\/www.zugol.de\/es\/wp-content\/uploads\/sites\/9\/2022\/11\/zugol_umwelltfreundliches-universalbindemittel_packung.png\" \/>\n\t<meta property=\"og:image:width\" content=\"636\" \/>\n\t<meta property=\"og:image:height\" content=\"700\" \/>\n\t<meta property=\"og:image:type\" content=\"image\/png\" \/>\n<meta name=\"twitter:card\" content=\"summary_large_image\" \/>\n<meta name=\"twitter:title\" content=\"ZUGOL - Das umweltfreundliche Universalbindemittel\" \/>\n<meta name=\"twitter:description\" content=\"ZUGOL ist ein Universal-Bindemittel zur Beseitigung von \u00d6l, Benzin, Laugen, Fetten, Farben, S\u00e4uren, Chemikalien. 100% nat\u00fcrlich, ohne chemische Zus\u00e4tze.\" \/>\n<meta name=\"twitter:image\" content=\"https:\/\/www.zugol.de\/es\/wp-content\/uploads\/sites\/9\/2022\/11\/zugol_umwelltfreundliches-universalbindemittel_packung.png\" \/>\n<script type=\"application\/ld+json\" class=\"yoast-schema-graph\">{\"@context\":\"https:\/\/schema.org\",\"@graph\":[{\"@type\":\"WebPage\",\"@id\":\"https:\/\/www.zugol.de\/es\/\",\"url\":\"https:\/\/www.zugol.de\/es\/\",\"name\":\"ZUGOL - Das umweltfreundliche Universalbindemittel \/ \u00d6lbindemittel\",\"isPartOf\":{\"@id\":\"https:\/\/www.zugol.de\/es\/#website\"},\"datePublished\":\"2022-10-01T09:03:27+00:00\",\"dateModified\":\"2022-10-01T09:03:27+00:00\",\"description\":\"ZUGOL ist ein Universal-Bindemittel zur Beseitigung von \u00d6l, Benzin, Laugen, Fetten, Farben, S\u00e4uren, Chemikalien. 100% nat\u00fcrlich, ohne chemische Zus\u00e4tze.\",\"breadcrumb\":{\"@id\":\"https:\/\/www.zugol.de\/es\/#breadcrumb\"},\"inLanguage\":\"es\",\"potentialAction\":[{\"@type\":\"ReadAction\",\"target\":[\"https:\/\/www.zugol.de\/es\/\"]}]},{\"@type\":\"BreadcrumbList\",\"@id\":\"https:\/\/www.zugol.de\/es\/#breadcrumb\",\"itemListElement\":[{\"@type\":\"ListItem\",\"position\":1,\"name\":\"Startseite\",\"item\":\"https:\/\/www.zugol.de\/es\/\"},{\"@type\":\"ListItem\",\"position\":2,\"name\":\"Home\"}]},{\"@type\":\"WebSite\",\"@id\":\"https:\/\/www.zugol.de\/es\/#website\",\"url\":\"https:\/\/www.zugol.de\/es\/\",\"name\":\"ZUGOL \u2013 Aglutinante universal\",\"description\":\"Agente aglutinante de aceite universal\",\"publisher\":{\"@id\":\"https:\/\/www.zugol.de\/es\/#organization\"},\"potentialAction\":[{\"@type\":\"SearchAction\",\"target\":{\"@type\":\"EntryPoint\",\"urlTemplate\":\"https:\/\/www.zugol.de\/es\/?s={search_term_string}\"},\"query-input\":\"required name=search_term_string\"}],\"inLanguage\":\"es\"},{\"@type\":\"Organization\",\"@id\":\"https:\/\/www.zugol.de\/es\/#organization\",\"name\":\"ZUGOL \u2013 Aglutinante universal\",\"url\":\"https:\/\/www.zugol.de\/es\/\",\"logo\":{\"@type\":\"ImageObject\",\"inLanguage\":\"es\",\"@id\":\"https:\/\/www.zugol.de\/es\/#\/schema\/logo\/image\/\",\"url\":\"https:\/\/www.zugol.de\/es\/wp-content\/uploads\/sites\/9\/2023\/01\/zugol-logo_black.svg\",\"contentUrl\":\"https:\/\/www.zugol.de\/es\/wp-content\/uploads\/sites\/9\/2023\/01\/zugol-logo_black.svg\",\"width\":1,\"height\":1,\"caption\":\"ZUGOL \u2013 Aglutinante universal\"},\"image\":{\"@id\":\"https:\/\/www.zugol.de\/es\/#\/schema\/logo\/image\/\"}}]}<\/script>\n<!-- \/ Yoast SEO plugin. -->","yoast_head_json":{"title":"ZUGOL - Das umweltfreundliche Universalbindemittel \/ \u00d6lbindemittel","description":"ZUGOL ist ein Universal-Bindemittel zur Beseitigung von \u00d6l, Benzin, Laugen, Fetten, Farben, S\u00e4uren, Chemikalien. 100% nat\u00fcrlich, ohne chemische Zus\u00e4tze.","robots":{"index":"index","follow":"follow","max-snippet":"max-snippet:-1","max-image-preview":"max-image-preview:large","max-video-preview":"max-video-preview:-1"},"canonical":"https:\/\/www.zugol.de\/es\/","og_locale":"es_ES","og_type":"article","og_title":"ZUGOL - Das umweltfreundliche Universalbindemittel","og_description":"ZUGOL ist ein Universal-Bindemittel zur Beseitigung von \u00d6l, Benzin, Laugen, Fetten, Farben, S\u00e4uren, Chemikalien. 100% nat\u00fcrlich, ohne chemische Zus\u00e4tze.","og_url":"https:\/\/www.zugol.de\/es\/","og_site_name":"ZUGOL","og_image":[{"width":636,"height":700,"url":"https:\/\/www.zugol.de\/es\/wp-content\/uploads\/sites\/9\/2022\/11\/zugol_umwelltfreundliches-universalbindemittel_packung.png","type":"image\/png"}],"twitter_card":"summary_large_image","twitter_title":"ZUGOL - Das umweltfreundliche Universalbindemittel","twitter_description":"ZUGOL ist ein Universal-Bindemittel zur Beseitigung von \u00d6l, Benzin, Laugen, Fetten, Farben, S\u00e4uren, Chemikalien. 100% nat\u00fcrlich, ohne chemische Zus\u00e4tze.","twitter_image":"https:\/\/www.zugol.de\/es\/wp-content\/uploads\/sites\/9\/2022\/11\/zugol_umwelltfreundliches-universalbindemittel_packung.png","schema":{"@context":"https:\/\/schema.org","@graph":[{"@type":"WebPage","@id":"https:\/\/www.zugol.de\/es\/","url":"https:\/\/www.zugol.de\/es\/","name":"ZUGOL - Das umweltfreundliche Universalbindemittel \/ \u00d6lbindemittel","isPartOf":{"@id":"https:\/\/www.zugol.de\/es\/#website"},"datePublished":"2022-10-01T09:03:27+00:00","dateModified":"2022-10-01T09:03:27+00:00","description":"ZUGOL ist ein Universal-Bindemittel zur Beseitigung von \u00d6l, Benzin, Laugen, Fetten, Farben, S\u00e4uren, Chemikalien. 100% nat\u00fcrlich, ohne chemische Zus\u00e4tze.","breadcrumb":{"@id":"https:\/\/www.zugol.de\/es\/#breadcrumb"},"inLanguage":"es","potentialAction":[{"@type":"ReadAction","target":["https:\/\/www.zugol.de\/es\/"]}]},{"@type":"BreadcrumbList","@id":"https:\/\/www.zugol.de\/es\/#breadcrumb","itemListElement":[{"@type":"ListItem","position":1,"name":"Startseite","item":"https:\/\/www.zugol.de\/es\/"},{"@type":"ListItem","position":2,"name":"Home"}]},{"@type":"WebSite","@id":"https:\/\/www.zugol.de\/es\/#website","url":"https:\/\/www.zugol.de\/es\/","name":"ZUGOL \u2013 Aglutinante universal","description":"Agente aglutinante de aceite universal","publisher":{"@id":"https:\/\/www.zugol.de\/es\/#organization"},"potentialAction":[{"@type":"SearchAction","target":{"@type":"EntryPoint","urlTemplate":"https:\/\/www.zugol.de\/es\/?s={search_term_string}"},"query-input":"required name=search_term_string"}],"inLanguage":"es"},{"@type":"Organization","@id":"https:\/\/www.zugol.de\/es\/#organization","name":"ZUGOL \u2013 Aglutinante universal","url":"https:\/\/www.zugol.de\/es\/","logo":{"@type":"ImageObject","inLanguage":"es","@id":"https:\/\/www.zugol.de\/es\/#\/schema\/logo\/image\/","url":"https:\/\/www.zugol.de\/es\/wp-content\/uploads\/sites\/9\/2023\/01\/zugol-logo_black.svg","contentUrl":"https:\/\/www.zugol.de\/es\/wp-content\/uploads\/sites\/9\/2023\/01\/zugol-logo_black.svg","width":1,"height":1,"caption":"ZUGOL \u2013 Aglutinante universal"},"image":{"@id":"https:\/\/www.zugol.de\/es\/#\/schema\/logo\/image\/"}}]}},"_links":{"self":[{"href":"https:\/\/www.zugol.de\/es\/wp-json\/wp\/v2\/pages\/14"}],"collection":[{"href":"https:\/\/www.zugol.de\/es\/wp-json\/wp\/v2\/pages"}],"about":[{"href":"https:\/\/www.zugol.de\/es\/wp-json\/wp\/v2\/types\/page"}],"author":[{"embeddable":true,"href":"https:\/\/www.zugol.de\/es\/wp-json\/wp\/v2\/users\/1"}],"replies":[{"embeddable":true,"href":"https:\/\/www.zugol.de\/es\/wp-json\/wp\/v2\/comments?post=14"}],"version-history":[{"count":0,"href":"https:\/\/www.zugol.de\/es\/wp-json\/wp\/v2\/pages\/14\/revisions"}],"wp:attachment":[{"href":"https:\/\/www.zugol.de\/es\/wp-json\/wp\/v2\/media?parent=14"}],"curies":[{"name":"wp","href":"https:\/\/api.w.org\/{rel}","templated":true}]}}