{"id":275,"date":"2022-10-01T11:37:13","date_gmt":"2022-10-01T09:37:13","guid":{"rendered":"https:\/\/zugol.de\/?page_id=275"},"modified":"2023-10-10T13:11:25","modified_gmt":"2023-10-10T11:11:25","slug":"privacy-policy","status":"publish","type":"page","link":"https:\/\/www.zugol.de\/en\/privacy-policy\/","title":{"rendered":"Privacy Policy"},"content":{"rendered":"<h3>Allgemeines<\/h3>\n<p>Die folgenden Datenschutzhinweise kl\u00e4ren Sie \u00fcber die Erhebung und Verarbeitung Ihrer personenbezogenen Daten bei der Nutzung dieser Website auf. Diese Datenschutzhinweise gehen dabei auch auf die Erhebung und Verarbeitung Ihrer Daten auf externen Websites oder Onlinediensten ein, die mit dieser Website verbunden sind (z.B. Social Media-Seiten). Die Definitionen und Beschreibungen der Datenerhebung und -verarbeitung sowie des jeweils f\u00fcr diese Datenerhebung oder -verarbeitung Verantwortlichen entsprechen den Definition in Art. 4 der Datenschutzgrundverordnung (DSGVO). <\/p>\n<h3>Personenbezogene Daten<\/h3>\n<p>Unter &#8220;Personenbezogenen Daten&#8221; versteht man grunds\u00e4tzlich all jene Informationen, die dazu genutzt werden k\u00f6nnen, R\u00fcckschl\u00fcsse auf eine nat\u00fcrliche Person zu ziehen oder eine nat\u00fcrliche Person zu identifizieren. Dabei wird eine nat\u00fcrliche Person dann als identifizierbar angesehen, wenn sie mithilfe einer Kennung (z.B. eines Namens), einer Nummer, eines spezifischen Standortes einer Online-Markierung (z.B. ein Cookie) oder anderer besonderer Merkmale (z.B. physische, psychologische, genetische, wirtschaftliche, kulturelle oder soziale Merkmale) eindeutig identifiziert werden kann. <\/p>\n<h3>Verantwortlichkeit f\u00fcr den Datenschutz<\/h3>\n<p>F\u00fcr die Datenerhebung und Datenverarbeitung auf dieser Website datenschutzrechtlich verantwortlich ist<\/p>\n<p><strong>FILTER &#8211; M\u00dcLLER GmbH<\/strong><br \/>\nMotzener Str. 7, 12277 Berlin<br \/>\nTel: +49 30 &#8211; 606 8888<br \/>\nFax: +49 30 &#8211; 606 8640<br \/>\nE-Mail: info@filter-mueller.de<br \/>\n(im Folgenden kurz &#8220;wir&#8221; oder &#8220;die Betreiberin&#8221;)<\/p>\n<p>Die verantwortliche Stelle ist unter oben genannter Adresse zu erreichen.<\/p>\n<p>F\u00fcr manche der weiter unten genannten Datenverarbeitungen sind neben der Betreiberin dieser Website auch ihre jeweiligen Kooperationspartner datenschutzrechtlich mitverantwortlich. Sie k\u00f6nnen daher manche Rechte auch direkt gegen\u00fcber dem jeweiligen Kooperationspartner aus\u00fcben. Entsprechende Informationen dazu finden Sie an der entsprechenden Stelle dieser Datenschutzerkl\u00e4rung. <\/p>\n<h3>Erhebung und Speicherung personenbezogener Daten sowie Art und Zweck von deren Verwendung<\/h3>\n<p><strong>a) Beim Besuch der Webseite <\/strong><br \/>\nBeim Aufrufen dieser Website werden durch den auf Ihrem Endger\u00e4t zum Einsatz kommenden Browser automatisch Informationen an den Server unserer Webseite gesendet. Diese Informationen werden tempor\u00e4r in einem sogenannten Logfile gespeichert. Folgende Informationen werden dabei ohne Ihr Zutun erfasst und bis zur automatischen L\u00f6schung gespeichert:<\/p>\n<ul>\n<li>IP-Adresse des anfragenden Rechners,<\/li>\n<li>Datum und Uhrzeit des Zugriffs,<\/li>\n<li>Name und URL der abgerufenen Datei,<\/li>\n<li>Webseite von der aus der Zugriff erfolgt (Referrer-URL),<\/li>\n<li>verwendeter Browser und ggf. das Betriebssystem Ihres Rechners sowie der Name Ihres Access-Providers.<\/li>\n<\/ul>\n<p>Die genannten Daten werden durch uns zu folgenden Zwecken verarbeitet:<\/p>\n<ul>\n<li>Gew\u00e4hrleistung eines reibungslosen Verbindungsaufbaus der Webseite,<\/li>\n<li>Gew\u00e4hrleistung einer komfortablen Nutzung unserer Webseite,<\/li>\n<li>Auswertung der Systemsicherheit und der Stabilit\u00e4t sowie<\/li>\n<li>zu weiteren administrativen Zwecken.<\/li>\n<\/ul>\n<p>Die Rechtsgrundlage f\u00fcr die Datenverarbeitung ist Art. 6 Abs. 1 Satz 1 lit. f DSGVO. Unser berechtigtes Interesse folgt aus oben aufgelisteten Zwecken zur Datenerhebung. In keinem Fall verwenden wir die erhobenen Daten zu dem Zweck R\u00fcckschl\u00fcsse auf Ihre Person zu ziehen. Dar\u00fcber hinaus setzen wir beim Besuchen unserer Webseite Cookies sowie Analysedienste ein. N\u00e4here Erl\u00e4uterungen dazu erhalten Sie unter den Ziffern 4 und 5 dieser Datenschutzerkl\u00e4rung. <\/p>\n<p><strong>b) Bei Nutzung eines unseres Kontaktformulars<\/strong><br \/>\nBei Fragen jeglicher Art bieten wir Ihnen die M\u00f6glichkeit, mit uns \u00fcber ein auf der Webseite bereitgestelltes Formular Kontakt aufzunehmen. Dabei ist die Eingabe einer g\u00fcltigen Emailadresse erforderlich, damit wir wissen, von wem die Anfrage stammt und um diese beantworten zu k\u00f6nnen. Weitere Angaben k\u00f6nnen freiwillig get\u00e4tigt werden. Die Datenverarbeitung zum Zeitpunkt der Kontaktaufnahme mit uns erfolgt nach Art. 6 Abs. 1 Satz 1 lit. a DSGVO auf Grundlage Ihrer freiwillig erteilten Einwilligung. Die f\u00fcr die Benutzung des Kontaktformulars von uns erhobenen personenbezogenen Daten werden nach Erledigung der von Ihnen gestellten Anfrage automatisch gel\u00f6scht. <\/p>\n<h3>Weitergabe von Daten<\/h3>\n<p>Eine \u00dcbermittlung Ihrer pers\u00f6nlichen Daten an Dritte findet nur statt, wenn:<\/p>\n<ul>\n<li>Sie Ihre nach Art. 6 Abs. 1 Satz 1 lit. a DSGVO ausdr\u00fcckliche Einwilligung dazu erteilt haben,<\/li>\n<li>die Weitergabe nach Art. 6 Abs. 1 Satz 1 lit. DSGVO zur Geltendmachung, Aus\u00fcbung oder Verteidigung von Rechtsanspr\u00fcchen erforderlich ist und kein Grund zur Ahnung besteht, dass Sie ein \u00fcberwiegend schutzw\u00fcrdiges Interesse an der Nichtweitergabe Ihrer Daten haben,<\/li>\n<li>f\u00fcr die Weitergabe nach Art. 6 Abs. 1 Satz 1 lit. c DSGVO eine gesetzliche Verpflichtung besteht, sowie<\/li>\n<li>dieses Gesetz nicht zul\u00e4ssig ist und nach Art. 6 Abs. 1 Satz 1 lit. b DSGVO f\u00fcr die Abwicklung von Vertragsverh\u00e4ltnissen mit Ihnen erforderlich ist.<\/li>\n<\/ul>\n<h3>Cookies<\/h3>\n<p>Wir setzen auf unserer Webseite Cookies ein. Hierbei handelt es sich um kleine Dateien, die im Browser automatisch erstellt und die auf Ihrem Endger\u00e4t (Laptop, Tablet, Smartphone oder \u00c4hnliches) gespeichert werden, wenn Sie unsere Webseite besuchen. Cookies richten auf Ihrem Endger\u00e4t keinen Schaden an, enthalten keine Viren, Trojaner oder sonstige Schadsoftware.<\/p>\n<p>In dem Cookie werden Informationen abgelegt, die sich jeweils im Zusammenhang mit dem spezifisch eingesetzten Endger\u00e4t ergeben. Dies bedeutet jedoch nicht, dass wir dadurch unmittelbar Kenntnis von Ihrer Identit\u00e4t erhalten.<\/p>\n<p>Der Einsatz von Cookies dient dazu, die Nutzung unseres Angebots f\u00fcr Sie angenehmer zu gestalten. So setzten wir sogenannte nach Art. 6 Abs. 1 Satz 1 lit. a DSGVO Session-Cookies ein, um zu erkennen, ob Sie einzelne Seiten unserer Webseite bereits besucht haben. In Ihren Browsereinstellungen haben Sie die M\u00f6glichkeit, Ihre Cookies nach dem Schlie\u00dfen des Browserfensters zu l\u00f6schen. <\/p>\n<p>Dar\u00fcber hinaus setzen wir ebenfalls zur Optimierung der Benutzerfreundlichkeit tempor\u00e4re Cookies ein, die f\u00fcr einen bestimmten festgelegten Zeitraum auf Ihrem Endger\u00e4t gespeichert werden. Besuchen Sie unsere Webseite erneut, um unsere Dienste in Anspruch zu nehmen, wird automatisch erkannt, dass Sie bereits bei uns waren und welche Eingaben und Einstellungen Sie get\u00e4tigt haben, um diese nicht noch einmal eingeben zu m\u00fcssen.<\/p>\n<p>Zum anderen setzen wir Cookies ein, um die Nutzung unserer Webseite statistisch zu erfassen und zum Zweck der Optimierung unseres Angebots f\u00fcr Sie auszuwerten (siehe Ziffer 5). Diese Cookies erm\u00f6glichen es uns, Sie bei einem erneuten Besuch unserer Webseite automatisch zu erkennen. Diese Cookies werden nach einer jeweils definierten Zeit automatisch gel\u00f6scht.<\/p>\n<p>Die durch Cookies verarbeiteten Daten sind f\u00fcr die genannten Zwecke zur Wahrung unserer berechtigten Interessen sowie der Dritter nach Art. 6 Abs. 1 Satz 1 lit. f DSGVO erforderlich.<\/p>\n<p>Die meisten Browser akzeptieren Cookies automatisch. Sie k\u00f6nnen Ihren Browser jedoch so konfigurieren, dass keine Cookies auf Ihrem Computer gespeichert werden oder stets ein Hinweis erscheint, bevor ein neuer Cookie angelegt wird. Die vollst\u00e4ndige Deaktivierung von Cookies kann jedoch dazu f\u00fchren, dass Sie nicht alle Funktionen unserer Webseite nutzen k\u00f6nnen.<\/p>\n<h3>Analysetools<\/h3>\n<p><strong>a) Tracking-Tools<\/strong><br \/>\nDie im Folgenden aufgef\u00fchrten und von uns eingesetzten Tracking-Ma\u00dfnahmen werden auf Grundlage des Art. 6 Abs. 1 Satz 1 lit. f DSGVO durchgef\u00fchrt. Mit den zum Einsatz kommenden Tracking-Ma\u00dfnahmen werden wir bedarfskritisch die fortlaufende Optimierung unserer Webseite sicherstellen. Zum anderen setzen wir Tracking-Ma\u00dfnahmen ein um die Nutzung unsere Webseite statistisch zu erfassen und zum Zweck der Optimierung unseres Angebots f\u00fcr Sie auszuwerten. Diese Interessen sind als berechtigt im Sinne der vorgenannten Vorschrift anzusehen. Die jeweilige Datenverarbeitungszwecke und Datenkategorien sind aus den entsprechenden Tracking-Tools zu entnehmen. <\/p>\n<p><strong>b) Google Analytics<\/strong><br \/>\nZum Zweck der bedarfsgerechten Gestaltung fortlaufender Optimierung unserer Seiten nutzen wir Google analytics, ein Werbeanalysedienst der Google Inc. (https:\/\/www.google.de\/intl\/de\/about\/) (1600 Amphitheatre Parkway, Mountain View, CA 94043, USA, im Folgenden \u201eGoogle\u201c). In diesem Zusammenhang werden pseudonymisierte Nutzungsprofile erstellt und Cookies (siehe unter Ziffer 4) verwendet. Die durch den Cookie erzeugten Informationen \u00fcber Ihre Benutzung dieser Webseite wie<\/p>\n<ul>\n<li>Browser Typ \/ -version,<\/li>\n<li>verwendetes Betriebssystem,<\/li>\n<li>Referrer-URL (die zuvor besuchte Seite),<\/li>\n<li>Hostname des zugreifenden Rechners (IP-Adresse),<\/li>\n<li>Datum und Uhrzeit der Serveranfrage,<\/li>\n<\/ul>\n<p>werden an einen Server von Google in den USA \u00fcbertragen und dort gespeichert.<br \/>\nDie Informationen werden verwendet um die Nutzung der Webseite auszuwerten, um Reports \u00fcber die Webseitenaktivit\u00e4t zusammenzustellen und um weitere mit der Webseitennutzung und der Internetnutzung verbundene Dienstleistungen zu Zwecken der Marktforschung und bedarfsgerechten Gestaltung dieser Internetseiten zu erbringen. <\/p>\n<p>Auch werden diese Informationen ggf. an Dritte \u00fcbertragen, sofern dies gesetzlich vorgeschrieben ist oder soweit Dritte diese Daten im Auftrag verarbeiten. Es wird in keinem Fall Ihre IP-Adresse mit anderen Daten von Google zusammengef\u00fchrt. Die IP-Adressen werden anonymisiert, sodass eine Zuordnung nicht m\u00f6glich ist (IP-Masking). <\/p>\n<p>Sie k\u00f6nnen die Installation durch Cookies durch eine entsprechende Einstellung der Browser-Software verhindern; wir weisen jedoch darauf hin, dass in diesem Fall ggf. nicht s\u00e4mtliche Funktionen der Webseite vollumf\u00e4nglich genutzt werden k\u00f6nnen. <\/p>\n<p>Sie k\u00f6nnen dar\u00fcber hinaus die Erfassung der durch das Cookies erzeugten und auf Ihre Nutzung der Webseite bezogenen Daten (inklusive Ihrer IP-Adresse) sowie die Verarbeitung dieser Daten durch Google verhindern, indem Sie ein Browser Addon herunterladen und installieren (https:\/\/tools.google.com\/dlpage\/gaoptout?hl=de). <\/p>\n<p>Alternativ zum Browser Addon, insbesondere bei Browsern auf mobilen Endger\u00e4ten k\u00f6nnen Sie die Erfassung durch Google Analytics zudem verhindern, indem Sie auf diesen link klicken. Es wird ein Opt-out-Cookie gesetzt, das die zuk\u00fcnftige Erfassung Ihrer Daten beim Besuch dieser Webseite verhindert. Der Opt-Out-Cookie gilt nur in diesem Browser und nur f\u00fcr unsere Webseite und wird auf Ihrem Endger\u00e4t abgelegt. L\u00f6schen Sie die Cookies in diesem Browser, m\u00fcssen Sie das Opt-Out-Cookie erneut setzen. <\/p>\n<p>Weitere Informationen zum Datenschutz im Zusammenhang mit Google Analytics finden Sie etwa in der Google Analytics Hilfe. (https:\/\/support.google.com\/analytics\/answer\/6004245?hl=de). <\/p>\n<h3>Betroffenenrechte<\/h3>\n<p>Sie haben das Recht: <\/p>\n<ul>\n<li>gem\u00e4\u00df Art. 15 DSGVO Auskunft \u00fcber Ihre von uns verarbeiteten personenbezogenen Daten zu verlangen. Insbesondere k\u00f6nnen Sie Auskunft \u00fcber die Verarbeitungszwecke, die Kategorie der personenbezogenen Daten, die Kategorien von Empf\u00e4ngern, gegen\u00fcber denen Ihre Daten offengelegt wurden oder werden, die geplante Speicherdauer, das Bestehen eines Rechts auf Berichtigung, L\u00f6schung, Einschr\u00e4nkungen der Verarbeitung oder Widerspruch, das Bestehen eines Beschwerderechts, die Herkunft Ihrer Daten, sofern diese nicht bei uns erhoben wurden, sowie \u00fcber das Bestehen einer automatisierten Entscheidungsfindung einschlie\u00dflich Profiling und ggf. aussagekr\u00e4ftigen Informationen zu deren Einzelheiten verlangen;<\/li>\n<li>gem\u00e4\u00df Art. 16 DSGVO unverz\u00fcglich die Berichtigung unrichtiger oder Vervollst\u00e4ndigung Ihrer bei uns gespeicherten personenbezogenen Daten zu verlangen;<\/li>\n<li>gem\u00e4\u00df Art. 17 DSGVO die L\u00f6schung Ihrer bei uns gespeicherten personenbezogenen Daten zu verlangen, soweit nicht die Verarbeitung zur Aus\u00fcbung des Rechts auf freie Meinungs\u00e4u\u00dferung Information, zur Erf\u00fcllung einer rechtlichen Verpflichtung, aus Gr\u00fcnden des \u00f6ffentlichen Interesses oder zur Geltendmachung, Aus\u00fcbung oder Verteidigung von Rechtsanspr\u00fcchen erforderlich ist; <\/li>\n<li>gem\u00e4\u00df Art. 18 DSGVO die Einschr\u00e4nkung der Verarbeitung Ihrer personenbezogenen Daten zu verlangen, soweit die Richtigkeit der Daten von Ihnen bestritten wird, die Verarbeitung unrechtm\u00e4\u00dfig ist, Sie aber deren L\u00f6schung ablehnen und wir die Daten nicht mehr ben\u00f6tigen, Sie jedoch diese zur Geltendmachung, Aus\u00fcbung oder Verteidigung von Rechtsanspr\u00fcchen ben\u00f6tigen oder Sie gem\u00e4\u00df Art. 21 DSGVO Widerspruch gegen die Verarbeitung eingelegt haben;<\/li>\n<li>gem\u00e4\u00df Art. 20 DSGVO Ihre personenbezogenen Daten, die Sie uns bereitgestellt haben, in einem strukturierten, g\u00e4ngigen und maschinenmessbaren Format zu erhalten oder die \u00dcbermittlung an einen anderen Verantwortlichen zu verlangen; <\/li>\n<li>gem\u00e4\u00df Art. 7 Abs. 3 DSGVO Ihre einmal erteilte Einwilligung jederzeit gegen\u00fcber uns zu widerrufen. Dies hat zur Folge, dass wir die Datenverarbeitung, die auf diese Einwilligung beruhte, f\u00fcr die Zukunft nicht mehr fortf\u00fchren d\u00fcrfen und<\/li>\n<li>gem\u00e4\u00df Art. 77 DSGVO sich bei einer Aufsichtsbeh\u00f6rde zu beschweren. In der Regel k\u00f6nnen Sie sich hierf\u00fcr an die Aufsichtsbeh\u00f6rde Ihres \u00fcblichen Aufenthaltsortes oder Arbeitsplatzes oder unseres Kanzleisitzes wenden.<\/li>\n<\/ul>\n<p><strong>Widerspruchsrecht<\/strong><br \/>\nSofern Ihre personenbezogenen Daten auf Grundlage von berechtigten Interessen gem\u00e4\u00df Art. 6 Abs. 1 Satz 1 lit. f DSGVO verarbeitet werden, haben Sie das Recht, gem\u00e4\u00df Art. 21 DSGVO Widerspruch gegen die Verarbeitung Ihrer personenbezogenen Daten einzulegen, soweit daf\u00fcr Gr\u00fcnde vorliegen, die sich aus Ihrer besonderen Situation ergeben oder sich der Widerspruch gegen Direktwerbung richtet. Im letzteren Fall haben Sie ein generelles Widerspruchsrecht, das ohne Angabe einer besonderen Situation von uns umgesetzt wird. M\u00f6chten Sie von Ihrem Widerrufs- oder Widerspruchsrecht Gebrauch machen, gen\u00fcgt eine formlose E-mail an info@filter-mueller.de.<\/p>\n<h3>Datensicherheit<\/h3>\n<p>Wir verwenden innerhalb des Webseitenbesuchs das verbreitete SSL-Verfahren (Secure Socket Layer) in Verbindung mit der jeweils h\u00f6chsten Verschl\u00fcsselungsstufe, die von Ihrem Browser unterst\u00fctzt wird. In der Regel handelt es sich dabei um eine 256 Bit Verschl\u00fcsselung. Falls Ihr Browser keine 256 Bit Verschl\u00fcsselung unterst\u00fctzt, weichen wir stattdessen auf 128 Bit V3 Technologie zur\u00fcck. Wo eine einzelne Seite unseres Internetauftritts verschl\u00fcsselt \u00fcbertragen wird, erkennen Sie an der geschlossenen Darstellung des Schl\u00fcssel- bzw. Schlosssymbols in der unteren Statusleiste Ihres Browsers. <\/p>\n<p>Wir bedienen uns im \u00dcbrigen geeigneter technischer und organisatorischer Sicherheitsma\u00dfnahmen, um Ihre Daten gegen zuf\u00e4llige oder vors\u00e4tzliche Manipulation, teilweise oder vollst\u00e4ndigen Verlust, Zerst\u00f6rung oder gegen\u00fcber unbefugten Zugriff Dritter zu sch\u00fctzen. Unsere Sicherheitsma\u00dfnahmen werden entsprechend der technologischen Entwicklung fortlaufend verbessert.<\/p>\n<h3>Aktualit\u00e4t und \u00c4nderungen dieser Datenschutzerkl\u00e4rung<\/h3>\n<p>Diese Datenschutzerkl\u00e4rung ist aktuell g\u00fcltig und hat den Stand Dezember 2020. Durch die Weiterentwicklung unserer Webseite und Angebote dar\u00fcber oder aufgrund ge\u00e4nderter gesetzlicher bzw. beh\u00f6rdlicher Vorgaben kann es notwendig werden, diese Datenschutzerkl\u00e4rung zu \u00e4ndern. Die jeweils aktuelle Datenschutzerkl\u00e4rung kann jederzeit auf der Webseite von Ihnen abgerufen und ausgedruckt werden.<\/p>\n<p>Stand 10.10.2023<\/p>\n","protected":false},"excerpt":{"rendered":"<p>Allgemeines Die folgenden Datenschutzhinweise kl\u00e4ren Sie \u00fcber die Erhebung und Verarbeitung Ihrer personenbezogenen Daten bei der Nutzung dieser Website auf. Diese Datenschutzhinweise gehen dabei auch auf die Erhebung und Verarbeitung Ihrer Daten auf externen Websites oder Onlinediensten ein, die mit dieser Website verbunden sind (z.B. Social Media-Seiten). Die Definitionen und Beschreibungen der Datenerhebung und -verarbeitung [&hellip;]<\/p>\n","protected":false},"author":1,"featured_media":600,"parent":0,"menu_order":0,"comment_status":"closed","ping_status":"closed","template":"page_subpage.php","meta":[],"yoast_head":"<!-- This site is optimized with the Yoast SEO plugin v20.2.1 - https:\/\/yoast.com\/wordpress\/plugins\/seo\/ -->\n<title>Privacy Policy - ZUGOL Universal Absorbent<\/title>\n<meta name=\"robots\" content=\"noindex, nofollow\" \/>\n<meta property=\"og:locale\" content=\"en_GB\" \/>\n<meta property=\"og:type\" content=\"article\" \/>\n<meta property=\"og:title\" content=\"Privacy Policy - ZUGOL Universal Absorbent\" \/>\n<meta property=\"og:description\" content=\"Allgemeines Die folgenden Datenschutzhinweise kl\u00e4ren Sie \u00fcber die Erhebung und Verarbeitung Ihrer personenbezogenen Daten bei der Nutzung dieser Website auf. Diese Datenschutzhinweise gehen dabei auch auf die Erhebung und Verarbeitung Ihrer Daten auf externen Websites oder Onlinediensten ein, die mit dieser Website verbunden sind (z.B. Social Media-Seiten). Die Definitionen und Beschreibungen der Datenerhebung und -verarbeitung [&hellip;]\" \/>\n<meta property=\"og:url\" content=\"https:\/\/www.zugol.de\/en\/privacy-policy\/\" \/>\n<meta property=\"og:site_name\" content=\"ZUGOL Universal Absorbent\" \/>\n<meta property=\"article:modified_time\" content=\"2023-10-10T11:11:25+00:00\" \/>\n<meta property=\"og:image\" content=\"https:\/\/www.zugol.de\/en\/wp-content\/uploads\/sites\/6\/2022\/08\/zugol_bindemittel_slide01.jpg\" \/>\n\t<meta property=\"og:image:width\" content=\"2048\" \/>\n\t<meta property=\"og:image:height\" content=\"1365\" \/>\n\t<meta property=\"og:image:type\" content=\"image\/jpeg\" \/>\n<meta name=\"twitter:card\" content=\"summary_large_image\" \/>\n<meta name=\"twitter:label1\" content=\"Estimated reading time\" \/>\n\t<meta name=\"twitter:data1\" content=\"9 minutes\" \/>\n<script type=\"application\/ld+json\" class=\"yoast-schema-graph\">{\"@context\":\"https:\/\/schema.org\",\"@graph\":[{\"@type\":\"WebPage\",\"@id\":\"https:\/\/www.zugol.de\/en\/privacy-policy\/\",\"url\":\"https:\/\/www.zugol.de\/en\/privacy-policy\/\",\"name\":\"Privacy Policy - ZUGOL Universal Absorbent\",\"isPartOf\":{\"@id\":\"https:\/\/www.zugol.de\/en\/#website\"},\"datePublished\":\"2022-10-01T09:37:13+00:00\",\"dateModified\":\"2023-10-10T11:11:25+00:00\",\"breadcrumb\":{\"@id\":\"https:\/\/www.zugol.de\/en\/privacy-policy\/#breadcrumb\"},\"inLanguage\":\"en-GB\",\"potentialAction\":[{\"@type\":\"ReadAction\",\"target\":[\"https:\/\/www.zugol.de\/en\/privacy-policy\/\"]}]},{\"@type\":\"BreadcrumbList\",\"@id\":\"https:\/\/www.zugol.de\/en\/privacy-policy\/#breadcrumb\",\"itemListElement\":[{\"@type\":\"ListItem\",\"position\":1,\"name\":\"Startseite\",\"item\":\"https:\/\/www.zugol.de\/en\/\"},{\"@type\":\"ListItem\",\"position\":2,\"name\":\"Privacy Policy\"}]},{\"@type\":\"WebSite\",\"@id\":\"https:\/\/www.zugol.de\/en\/#website\",\"url\":\"https:\/\/www.zugol.de\/en\/\",\"name\":\"ZUGOL Universal Absorbent\",\"description\":\"Biodegradable absorbent for oil, petrol, alkalis, grease, paint, acids and other chemicals\",\"publisher\":{\"@id\":\"https:\/\/www.zugol.de\/en\/#organization\"},\"potentialAction\":[{\"@type\":\"SearchAction\",\"target\":{\"@type\":\"EntryPoint\",\"urlTemplate\":\"https:\/\/www.zugol.de\/en\/?s={search_term_string}\"},\"query-input\":\"required name=search_term_string\"}],\"inLanguage\":\"en-GB\"},{\"@type\":\"Organization\",\"@id\":\"https:\/\/www.zugol.de\/en\/#organization\",\"name\":\"ZUGOL Universal Absorbent\",\"url\":\"https:\/\/www.zugol.de\/en\/\",\"logo\":{\"@type\":\"ImageObject\",\"inLanguage\":\"en-GB\",\"@id\":\"https:\/\/www.zugol.de\/en\/#\/schema\/logo\/image\/\",\"url\":\"https:\/\/www.zugol.de\/en\/wp-content\/uploads\/sites\/6\/2023\/01\/zugol-logo_black.svg\",\"contentUrl\":\"https:\/\/www.zugol.de\/en\/wp-content\/uploads\/sites\/6\/2023\/01\/zugol-logo_black.svg\",\"width\":1,\"height\":1,\"caption\":\"ZUGOL Universal Absorbent\"},\"image\":{\"@id\":\"https:\/\/www.zugol.de\/en\/#\/schema\/logo\/image\/\"}}]}<\/script>\n<!-- \/ Yoast SEO plugin. -->","yoast_head_json":{"title":"Privacy Policy - ZUGOL Universal Absorbent","robots":{"index":"noindex","follow":"nofollow"},"og_locale":"en_GB","og_type":"article","og_title":"Privacy Policy - ZUGOL Universal Absorbent","og_description":"Allgemeines Die folgenden Datenschutzhinweise kl\u00e4ren Sie \u00fcber die Erhebung und Verarbeitung Ihrer personenbezogenen Daten bei der Nutzung dieser Website auf. Diese Datenschutzhinweise gehen dabei auch auf die Erhebung und Verarbeitung Ihrer Daten auf externen Websites oder Onlinediensten ein, die mit dieser Website verbunden sind (z.B. Social Media-Seiten). Die Definitionen und Beschreibungen der Datenerhebung und -verarbeitung [&hellip;]","og_url":"https:\/\/www.zugol.de\/en\/privacy-policy\/","og_site_name":"ZUGOL Universal Absorbent","article_modified_time":"2023-10-10T11:11:25+00:00","og_image":[{"width":2048,"height":1365,"url":"https:\/\/www.zugol.de\/en\/wp-content\/uploads\/sites\/6\/2022\/08\/zugol_bindemittel_slide01.jpg","type":"image\/jpeg"}],"twitter_card":"summary_large_image","twitter_misc":{"Estimated reading time":"9 minutes"},"schema":{"@context":"https:\/\/schema.org","@graph":[{"@type":"WebPage","@id":"https:\/\/www.zugol.de\/en\/privacy-policy\/","url":"https:\/\/www.zugol.de\/en\/privacy-policy\/","name":"Privacy Policy - ZUGOL Universal Absorbent","isPartOf":{"@id":"https:\/\/www.zugol.de\/en\/#website"},"datePublished":"2022-10-01T09:37:13+00:00","dateModified":"2023-10-10T11:11:25+00:00","breadcrumb":{"@id":"https:\/\/www.zugol.de\/en\/privacy-policy\/#breadcrumb"},"inLanguage":"en-GB","potentialAction":[{"@type":"ReadAction","target":["https:\/\/www.zugol.de\/en\/privacy-policy\/"]}]},{"@type":"BreadcrumbList","@id":"https:\/\/www.zugol.de\/en\/privacy-policy\/#breadcrumb","itemListElement":[{"@type":"ListItem","position":1,"name":"Startseite","item":"https:\/\/www.zugol.de\/en\/"},{"@type":"ListItem","position":2,"name":"Privacy Policy"}]},{"@type":"WebSite","@id":"https:\/\/www.zugol.de\/en\/#website","url":"https:\/\/www.zugol.de\/en\/","name":"ZUGOL Universal Absorbent","description":"Biodegradable absorbent for oil, petrol, alkalis, grease, paint, acids and other chemicals","publisher":{"@id":"https:\/\/www.zugol.de\/en\/#organization"},"potentialAction":[{"@type":"SearchAction","target":{"@type":"EntryPoint","urlTemplate":"https:\/\/www.zugol.de\/en\/?s={search_term_string}"},"query-input":"required name=search_term_string"}],"inLanguage":"en-GB"},{"@type":"Organization","@id":"https:\/\/www.zugol.de\/en\/#organization","name":"ZUGOL Universal Absorbent","url":"https:\/\/www.zugol.de\/en\/","logo":{"@type":"ImageObject","inLanguage":"en-GB","@id":"https:\/\/www.zugol.de\/en\/#\/schema\/logo\/image\/","url":"https:\/\/www.zugol.de\/en\/wp-content\/uploads\/sites\/6\/2023\/01\/zugol-logo_black.svg","contentUrl":"https:\/\/www.zugol.de\/en\/wp-content\/uploads\/sites\/6\/2023\/01\/zugol-logo_black.svg","width":1,"height":1,"caption":"ZUGOL Universal Absorbent"},"image":{"@id":"https:\/\/www.zugol.de\/en\/#\/schema\/logo\/image\/"}}]}},"_links":{"self":[{"href":"https:\/\/www.zugol.de\/en\/wp-json\/wp\/v2\/pages\/275"}],"collection":[{"href":"https:\/\/www.zugol.de\/en\/wp-json\/wp\/v2\/pages"}],"about":[{"href":"https:\/\/www.zugol.de\/en\/wp-json\/wp\/v2\/types\/page"}],"author":[{"embeddable":true,"href":"https:\/\/www.zugol.de\/en\/wp-json\/wp\/v2\/users\/1"}],"replies":[{"embeddable":true,"href":"https:\/\/www.zugol.de\/en\/wp-json\/wp\/v2\/comments?post=275"}],"version-history":[{"count":3,"href":"https:\/\/www.zugol.de\/en\/wp-json\/wp\/v2\/pages\/275\/revisions"}],"predecessor-version":[{"id":763,"href":"https:\/\/www.zugol.de\/en\/wp-json\/wp\/v2\/pages\/275\/revisions\/763"}],"wp:featuredmedia":[{"embeddable":true,"href":"https:\/\/www.zugol.de\/en\/wp-json\/wp\/v2\/media\/600"}],"wp:attachment":[{"href":"https:\/\/www.zugol.de\/en\/wp-json\/wp\/v2\/media?parent=275"}],"curies":[{"name":"wp","href":"https:\/\/api.w.org\/{rel}","templated":true}]}}