{"id":220,"date":"2022-10-01T14:58:44","date_gmt":"2022-10-01T12:58:44","guid":{"rendered":"https:\/\/zugol.de\/?page_id=220"},"modified":"2023-10-10T13:10:58","modified_gmt":"2023-10-10T11:10:58","slug":"imprint","status":"publish","type":"page","link":"https:\/\/www.zugol.de\/en\/imprint\/","title":{"rendered":"Imprint"},"content":{"rendered":"<h3>Legal information for your visit to this website<\/h3>\n<p><strong>This website is operated by<\/strong><br \/>\nFilter &#8211; M\u00fcller GmbH<br \/>\nMotzener Str. 7, 12277 Berlin, Germany<br \/>\nTel: +49 30 &#8211; 606 8888<br \/>\nFax: +49 30 &#8211; 606 8640<br \/>\nE-Mail:\tinfo@filter-mueller.de<\/p>\n<p>Registry court: Amtsgericht Charlottenburg Berlin<br \/>\nRegistration number: HRB 255984 B<\/p>\n<p><strong>Responsible for the content according to \u00a7 18 Abs. 2 MStV<\/strong><br \/>\nHerr Reinhard Sch\u00f6ne, address as above<\/p>\n<p><strong>Sales tax identification number according to \u00a7 27 a sales tax law<\/strong><br \/>\nDE 362882799<\/p>\n<p><strong>Online dispute resolution in accordance with Art. 14 Para. 1 ODR-VO<\/strong><br \/>\nThe European Commission provides a platform for online dispute resolution (OS), which you can find at <a href=\"http:\/\/ec.europa.eu\/consumers\/odr\/\" rel=\"noopener\" target=\"_blank\"> http:\/\/ec.europa.eu\/consumers\/odr\/find<\/a>.<\/p>\n<h2>Disclaimer<\/h2>\n<p><strong>Limitation of Liability<\/strong><br \/>\nThe contents of the website have been compiled with the greatest possible care. Nevertheless, no guarantee is given for the topicality, completeness or correctness of the content provided.<\/p>\n<p><strong>External links<\/strong><br \/>\nThis website may contain links or references to other websites over whose content the provider of this website has no influence. For this reason, no liability is assumed for the content of external websites. The respective provider of the linked website is responsible for the content and correctness of the information provided. At the time of linking no infringements were recognizable. Upon notification of such an infringement, the corresponding reference will be removed immediately.<\/p>\n<p><strong>Copyright<\/strong><br \/>\nThe content, works and information provided on this website as well as all other data made available on this website and their design are subject to German copyright and ancillary copyright law. Any type of duplication, processing, distribution, storage and exploitation outside the limits of copyright requires the prior written consent of the copyright holder. Unauthorized copying\/saving of the information provided here is not permitted.<\/p>\n<p>The use of any content on this website for commercial use is expressly prohibited unless the provider of this website has given their prior written consent. The provider reserves the right to take legal action in the event of unsolicited advertising being sent, e.g. B. through spam mails.<\/p>\n<h2>Credits<\/h2>\n<p><strong>Design and programming<\/strong><br \/>\n<a href=\"https:\/\/sebastian-klammer.de\" rel=\"noopener noreferrer\" target=\"_blank\">Webdesign Berlin : Sebastian Klammer Grafikdesign<\/a><\/p>\n<p><strong>Photo credits<\/strong><\/p>\n","protected":false},"excerpt":{"rendered":"<p>Legal information for your visit to this website This website is operated by Filter &#8211; M\u00fcller GmbH Motzener Str. 7, 12277 Berlin, Germany Tel: +49 30 &#8211; 606 8888 Fax: +49 30 &#8211; 606 8640 E-Mail: info@filter-mueller.de Registry court: Amtsgericht Charlottenburg Berlin Registration number: HRB 255984 B Responsible for the content according to \u00a7 18 [&hellip;]<\/p>\n","protected":false},"author":1,"featured_media":600,"parent":0,"menu_order":0,"comment_status":"closed","ping_status":"closed","template":"page_subpage.php","meta":[],"yoast_head":"<!-- This site is optimized with the Yoast SEO plugin v20.2.1 - https:\/\/yoast.com\/wordpress\/plugins\/seo\/ -->\n<title>Imprint - ZUGOL Universal Absorbent<\/title>\n<meta name=\"robots\" content=\"noindex, nofollow\" \/>\n<meta property=\"og:locale\" content=\"en_GB\" \/>\n<meta property=\"og:type\" content=\"article\" \/>\n<meta property=\"og:title\" content=\"Imprint - ZUGOL Universal Absorbent\" \/>\n<meta property=\"og:description\" content=\"Legal information for your visit to this website This website is operated by Filter &#8211; M\u00fcller GmbH Motzener Str. 7, 12277 Berlin, Germany Tel: +49 30 &#8211; 606 8888 Fax: +49 30 &#8211; 606 8640 E-Mail: info@filter-mueller.de Registry court: Amtsgericht Charlottenburg Berlin Registration number: HRB 255984 B Responsible for the content according to \u00a7 18 [&hellip;]\" \/>\n<meta property=\"og:url\" content=\"https:\/\/www.zugol.de\/en\/imprint\/\" \/>\n<meta property=\"og:site_name\" content=\"ZUGOL Universal Absorbent\" \/>\n<meta property=\"article:modified_time\" content=\"2023-10-10T11:10:58+00:00\" \/>\n<meta property=\"og:image\" content=\"https:\/\/www.zugol.de\/en\/wp-content\/uploads\/sites\/6\/2022\/08\/zugol_bindemittel_slide01.jpg\" \/>\n\t<meta property=\"og:image:width\" content=\"2048\" \/>\n\t<meta property=\"og:image:height\" content=\"1365\" \/>\n\t<meta property=\"og:image:type\" content=\"image\/jpeg\" \/>\n<meta name=\"twitter:card\" content=\"summary_large_image\" \/>\n<meta name=\"twitter:title\" content=\"Praxis f\u00fcr Narzissmusberatung Berlin Kerstin Rositzka - Impressum\" \/>\n<meta name=\"twitter:description\" content=\"Kerstin Rositzka ist Heilpraktikerin f\u00fcr Psychotherapie. In meiner Praxis biete ich Hilfe f\u00fcr Opfer von Narzissten und narzisstischen Strukturen.\" \/>\n<meta name=\"twitter:label1\" content=\"Estimated reading time\" \/>\n\t<meta name=\"twitter:data1\" content=\"2 minutes\" \/>\n<script type=\"application\/ld+json\" class=\"yoast-schema-graph\">{\"@context\":\"https:\/\/schema.org\",\"@graph\":[{\"@type\":\"WebPage\",\"@id\":\"https:\/\/www.zugol.de\/en\/imprint\/\",\"url\":\"https:\/\/www.zugol.de\/en\/imprint\/\",\"name\":\"Imprint - ZUGOL Universal Absorbent\",\"isPartOf\":{\"@id\":\"https:\/\/www.zugol.de\/en\/#website\"},\"datePublished\":\"2022-10-01T12:58:44+00:00\",\"dateModified\":\"2023-10-10T11:10:58+00:00\",\"breadcrumb\":{\"@id\":\"https:\/\/www.zugol.de\/en\/imprint\/#breadcrumb\"},\"inLanguage\":\"en-GB\",\"potentialAction\":[{\"@type\":\"ReadAction\",\"target\":[\"https:\/\/www.zugol.de\/en\/imprint\/\"]}]},{\"@type\":\"BreadcrumbList\",\"@id\":\"https:\/\/www.zugol.de\/en\/imprint\/#breadcrumb\",\"itemListElement\":[{\"@type\":\"ListItem\",\"position\":1,\"name\":\"Startseite\",\"item\":\"https:\/\/www.zugol.de\/en\/\"},{\"@type\":\"ListItem\",\"position\":2,\"name\":\"Imprint\"}]},{\"@type\":\"WebSite\",\"@id\":\"https:\/\/www.zugol.de\/en\/#website\",\"url\":\"https:\/\/www.zugol.de\/en\/\",\"name\":\"ZUGOL Universal Absorbent\",\"description\":\"Biodegradable absorbent for oil, petrol, alkalis, grease, paint, acids and other chemicals\",\"publisher\":{\"@id\":\"https:\/\/www.zugol.de\/en\/#organization\"},\"potentialAction\":[{\"@type\":\"SearchAction\",\"target\":{\"@type\":\"EntryPoint\",\"urlTemplate\":\"https:\/\/www.zugol.de\/en\/?s={search_term_string}\"},\"query-input\":\"required name=search_term_string\"}],\"inLanguage\":\"en-GB\"},{\"@type\":\"Organization\",\"@id\":\"https:\/\/www.zugol.de\/en\/#organization\",\"name\":\"ZUGOL Universal Absorbent\",\"url\":\"https:\/\/www.zugol.de\/en\/\",\"logo\":{\"@type\":\"ImageObject\",\"inLanguage\":\"en-GB\",\"@id\":\"https:\/\/www.zugol.de\/en\/#\/schema\/logo\/image\/\",\"url\":\"https:\/\/www.zugol.de\/en\/wp-content\/uploads\/sites\/6\/2023\/01\/zugol-logo_black.svg\",\"contentUrl\":\"https:\/\/www.zugol.de\/en\/wp-content\/uploads\/sites\/6\/2023\/01\/zugol-logo_black.svg\",\"width\":1,\"height\":1,\"caption\":\"ZUGOL Universal Absorbent\"},\"image\":{\"@id\":\"https:\/\/www.zugol.de\/en\/#\/schema\/logo\/image\/\"}}]}<\/script>\n<!-- \/ Yoast SEO plugin. -->","yoast_head_json":{"title":"Imprint - ZUGOL Universal Absorbent","robots":{"index":"noindex","follow":"nofollow"},"og_locale":"en_GB","og_type":"article","og_title":"Imprint - ZUGOL Universal Absorbent","og_description":"Legal information for your visit to this website This website is operated by Filter &#8211; M\u00fcller GmbH Motzener Str. 7, 12277 Berlin, Germany Tel: +49 30 &#8211; 606 8888 Fax: +49 30 &#8211; 606 8640 E-Mail: info@filter-mueller.de Registry court: Amtsgericht Charlottenburg Berlin Registration number: HRB 255984 B Responsible for the content according to \u00a7 18 [&hellip;]","og_url":"https:\/\/www.zugol.de\/en\/imprint\/","og_site_name":"ZUGOL Universal Absorbent","article_modified_time":"2023-10-10T11:10:58+00:00","og_image":[{"width":2048,"height":1365,"url":"https:\/\/www.zugol.de\/en\/wp-content\/uploads\/sites\/6\/2022\/08\/zugol_bindemittel_slide01.jpg","type":"image\/jpeg"}],"twitter_card":"summary_large_image","twitter_title":"Praxis f\u00fcr Narzissmusberatung Berlin Kerstin Rositzka - Impressum","twitter_description":"Kerstin Rositzka ist Heilpraktikerin f\u00fcr Psychotherapie. In meiner Praxis biete ich Hilfe f\u00fcr Opfer von Narzissten und narzisstischen Strukturen.","twitter_misc":{"Estimated reading time":"2 minutes"},"schema":{"@context":"https:\/\/schema.org","@graph":[{"@type":"WebPage","@id":"https:\/\/www.zugol.de\/en\/imprint\/","url":"https:\/\/www.zugol.de\/en\/imprint\/","name":"Imprint - ZUGOL Universal Absorbent","isPartOf":{"@id":"https:\/\/www.zugol.de\/en\/#website"},"datePublished":"2022-10-01T12:58:44+00:00","dateModified":"2023-10-10T11:10:58+00:00","breadcrumb":{"@id":"https:\/\/www.zugol.de\/en\/imprint\/#breadcrumb"},"inLanguage":"en-GB","potentialAction":[{"@type":"ReadAction","target":["https:\/\/www.zugol.de\/en\/imprint\/"]}]},{"@type":"BreadcrumbList","@id":"https:\/\/www.zugol.de\/en\/imprint\/#breadcrumb","itemListElement":[{"@type":"ListItem","position":1,"name":"Startseite","item":"https:\/\/www.zugol.de\/en\/"},{"@type":"ListItem","position":2,"name":"Imprint"}]},{"@type":"WebSite","@id":"https:\/\/www.zugol.de\/en\/#website","url":"https:\/\/www.zugol.de\/en\/","name":"ZUGOL Universal Absorbent","description":"Biodegradable absorbent for oil, petrol, alkalis, grease, paint, acids and other chemicals","publisher":{"@id":"https:\/\/www.zugol.de\/en\/#organization"},"potentialAction":[{"@type":"SearchAction","target":{"@type":"EntryPoint","urlTemplate":"https:\/\/www.zugol.de\/en\/?s={search_term_string}"},"query-input":"required name=search_term_string"}],"inLanguage":"en-GB"},{"@type":"Organization","@id":"https:\/\/www.zugol.de\/en\/#organization","name":"ZUGOL Universal Absorbent","url":"https:\/\/www.zugol.de\/en\/","logo":{"@type":"ImageObject","inLanguage":"en-GB","@id":"https:\/\/www.zugol.de\/en\/#\/schema\/logo\/image\/","url":"https:\/\/www.zugol.de\/en\/wp-content\/uploads\/sites\/6\/2023\/01\/zugol-logo_black.svg","contentUrl":"https:\/\/www.zugol.de\/en\/wp-content\/uploads\/sites\/6\/2023\/01\/zugol-logo_black.svg","width":1,"height":1,"caption":"ZUGOL Universal Absorbent"},"image":{"@id":"https:\/\/www.zugol.de\/en\/#\/schema\/logo\/image\/"}}]}},"_links":{"self":[{"href":"https:\/\/www.zugol.de\/en\/wp-json\/wp\/v2\/pages\/220"}],"collection":[{"href":"https:\/\/www.zugol.de\/en\/wp-json\/wp\/v2\/pages"}],"about":[{"href":"https:\/\/www.zugol.de\/en\/wp-json\/wp\/v2\/types\/page"}],"author":[{"embeddable":true,"href":"https:\/\/www.zugol.de\/en\/wp-json\/wp\/v2\/users\/1"}],"replies":[{"embeddable":true,"href":"https:\/\/www.zugol.de\/en\/wp-json\/wp\/v2\/comments?post=220"}],"version-history":[{"count":5,"href":"https:\/\/www.zugol.de\/en\/wp-json\/wp\/v2\/pages\/220\/revisions"}],"predecessor-version":[{"id":762,"href":"https:\/\/www.zugol.de\/en\/wp-json\/wp\/v2\/pages\/220\/revisions\/762"}],"wp:featuredmedia":[{"embeddable":true,"href":"https:\/\/www.zugol.de\/en\/wp-json\/wp\/v2\/media\/600"}],"wp:attachment":[{"href":"https:\/\/www.zugol.de\/en\/wp-json\/wp\/v2\/media?parent=220"}],"curies":[{"name":"wp","href":"https:\/\/api.w.org\/{rel}","templated":true}]}}